{"id":875,"date":"2025-07-07T00:58:48","date_gmt":"2025-07-07T00:58:48","guid":{"rendered":"https:\/\/megaplaza.com\/tienda\/?post_type=product&#038;p=875"},"modified":"2025-08-26T14:18:53","modified_gmt":"2025-08-26T14:18:53","slug":"audifonos-in-ear-kz-zs10-pro-x-hifi-para-monitoreo-musica-audifonos-monitores-audifonos-para-audiofilos","status":"publish","type":"product","link":"https:\/\/megaplaza.com\/tienda\/product\/audifonos-in-ear-kz-zs10-pro-x-hifi-para-monitoreo-musica-audifonos-monitores-audifonos-para-audiofilos\/","title":{"rendered":"Aud\u00edfonos In-Ear KZ ZS10 Pro X HiFi para monitoreo, m\u00fasica, aud\u00edfonos monitores, aud\u00edfonos para audi\u00f3filos"},"content":{"rendered":"<h5>Aud\u00edfonos KZ ZS10 Pro X In-Ear HiFi para monitoreo, m\u00fasica, aud\u00edfonos monitores, aud\u00edfonos para audi\u00f3filos<\/h5>\n<p>AUD\u00cdFONOS KZ ZS10 PRO X MONITORES ORIGINALES SELLADOS (VERSI\u00d3N CON Y SIN MICR\u00d3FONO)<\/p>\n<p>Los auriculares KZ ZS10 PRO X monitores actualizados son \u00fanicos con a\u00f1os de investigaci\u00f3n cuidadosa, desarrollo y mejora. El nuevo auricular cuenta con un rendimiento mejorado de alta frecuencia y controladores personalizados, lo que significa una respuesta transitoria m\u00e1s sensible, con mayor impacto de graves y una mejor claridad de sonido.<\/p>\n<p>A pesar de tener un precio competitivo presentan una calidad de sonido superior a cualquier competidor que cuestan 2 o 3 veces m\u00e1s.<\/p>\n<h3>MATERIALES<\/h3>\n<p>\u00bfPorqu\u00e9 los materiales son de primera calidad? Los KZ ZS10 Pro X est\u00e1n dise\u00f1ado con material de primera calidad para mayor comodidad y el mejor acabado. Si est\u00e1s buscando un auricular diario que ofrezca claridad y potencia, este no te defraudar\u00e1.<\/p>\n<h3>DRIVERS<\/h3>\n<p>Driver din\u00e1mico de 10 mm + 4 armaduras equilibradas personalizadas: el driver din\u00e1mico mejorado de 10 mm, el ZS10 PRO X aumenta la sensibilidad de 1 KHz en comparaci\u00f3n con el modelo anterior. Cuatro armaduras equilibradas proporcionan un impresionante rendimiento con agudos cristalinos, medios suaves y bajos potentes, mientras que la tecnolog\u00eda h\u00edbrida mejorada garantiza una mayor sensibilidad y una respuesta m\u00e1s r\u00e1pida en tu m\u00fasica y llamadas de voz.<\/p>\n<h3>CARCASA<\/h3>\n<p>Placa frontal de aleaci\u00f3n cl\u00e1sica + carcasa de resina: mantiene el aspecto cl\u00e1sico de KZ ZS10 PRO, el KZ ZS10 PRO X cuenta con una placa frontal de aleaci\u00f3n, complementada con una cavidad de resina. Dos materiales diferentes conducen a una innovadora colisi\u00f3n de duro y suave. La placa frontal de aleaci\u00f3n es resistente al desgaste diario para proporcionar una vida \u00fatil m\u00e1s larga.<\/p>\n<h3>CABLE<\/h3>\n<p>Conector desmontable mejorado de 0.75 mm de 2 pines: el conector empotrado mejorado de 0.75 mm de 2 pines proporcionar\u00e1 una mejor durabilidad y estabilidad. Cada alambre se a\u00f1ade con alambre de nailon 500D para prolongar su vida \u00fatil y reducir el efecto del estetoscopio.<\/p>\n<h3>CABLE DESMONTABLE<\/h3>\n<p>La funci\u00f3n desmontable garantiza m\u00e1s posibilidades para aquellos que aman cambiar las cosas, sin embargo a pesar de su versatilidad tienen un excelente precio. Ya sea que quieras experimentar la calidad de sonido del siguiente nivel con tu cable privado o simplemente quieres cambiarlo, el ZS10 PRO X proporciona comodidad si tus necesidades cambian m\u00e1s tarde.<\/p>\n<h3>COMODIDAD<\/h3>\n<p>Forma ergon\u00f3mica, amplia compatibilidad: este monitor de vanguardia en el o\u00eddo de KZ cuenta con una mezcla \u00fanica de estilo y funcionalidad, combinando comodidad con funcionalidad y precisi\u00f3n s\u00f3nica. Forma ergon\u00f3mica que garantiza una comodidad duradera durante todo el d\u00eda,no m\u00e1s fatiga despu\u00e9s de un uso prolongado. Para oyentes entusiastas, audi\u00f3filos y jugadores, el KZ ZS10 PRO X recientemente actualizado ofrecer\u00e1 un disfrute puro independientemente del g\u00e9nero o estilo.<\/p>\n<p>Tambi\u00e9n tenemos otros modelos m\u00e1s econ\u00f3micos como los <a href=\"https:\/\/megaplaza.com\/tienda\/product\/audifonos-inear-kz-monitores-monitoreo\/\">KZ EDX Pro<\/a>.<\/p>\n<h3>ESPECIFICACIONES:<\/h3>\n<p>Modelo: KZ ZS10 PRO X<br \/>\nImpedancia: 29 ohm<br \/>\nSensibilidad: 112\u00b13dB<br \/>\nFrequency: 20-40000Hz<br \/>\nPlug: 3.5mm<br \/>\nTipo pin: 0.75mm<br \/>\nLargo cable: 120\u00b15cm<\/p>\n<h3>CONTENIDO DEL PAQUETE:<\/h3>\n<ul>\n<li>1 x Par de aud\u00edfonos KZ ZS10 Pro X<\/li>\n<li>1 x Cable con micr\u00f3fono.<\/li>\n<li>3 x pares de puntas (tips) de silic\u00f3n de diferentes medidas.<\/li>\n<\/ul>\n<p>===========================================================<\/p>\n<h3>\u00bfPORQU\u00c9 COMPRAR EN MEGAPLAZA?<\/h3>\n<p>&#8211; Somos una empresa legalmente constituida y con m\u00e1s de 20 a\u00f1os de experiencia en la venta de tecnolog\u00eda y gadgets tecnol\u00f3gicos.<br \/>\n&#8211; Somos Mercado L\u00edder Platino, el m\u00e1s alto nivel para vendedores en Mercado Libre.<br \/>\n&#8211; Contamos con m\u00e1s de 30,000 ventas realizadas y somos referente calidad y garant\u00eda.<br \/>\n&#8211; Facturamos tus compras.<br \/>\n&#8211; Damos soporte t\u00e9cnico postventa para cualquier duda que tengas al respecto de tu compra.<\/p>\n","protected":false},"excerpt":{"rendered":"<p>Aud\u00edfonos KZ ZS10 Pro X Originales In-Ears HiFi al\u00e1mbricos para monitoreo, para m\u00fasicos y audi\u00f3filos. Aud\u00edfonos para monitores, uno de los mejores valorados de la marca, miles de rese\u00f1as positivas los avalan.<\/p>\n","protected":false},"featured_media":877,"comment_status":"open","ping_status":"closed","template":"","meta":{"_bst_post_transparent":"default","_bst_post_title":"","_bst_post_layout":"default","_bst_post_sidebar_id":"","_bst_post_content_style":"default","_bst_post_vertical_padding":"default","_bst_post_feature":"","_bst_post_feature_position":"","_bst_post_header":false,"_bst_post_footer":false},"product_brand":[103],"product_cat":[50,102],"product_tag":[104,126,125,105,107,123,106],"class_list":{"0":"post-875","1":"product","2":"type-product","3":"status-publish","4":"has-post-thumbnail","6":"product_brand-kz","7":"product_cat-audifonos","8":"product_cat-audifonos-inear-in-ear","9":"product_tag-audifonos","10":"product_tag-audifonos-alambricos","11":"product_tag-audifonos-hifi","12":"product_tag-audifonos-in-ear","13":"product_tag-audifonos-monitoreo","14":"product_tag-audifonos-para-monitoreo","15":"product_tag-monitores","17":"first","18":"instock","19":"sale","20":"taxable","21":"shipping-taxable","22":"purchasable","23":"product-type-variable","24":"wvs-archive-product-wrapper","25":"entry","26":"content-bg","27":"loop-entry"},"yoast_head":"<!-- This site is optimized with the Yoast SEO Premium plugin v25.4 (Yoast SEO v25.8) - https:\/\/yoast.com\/wordpress\/plugins\/seo\/ -->\n<title>Aud\u00edfonos KZ ZS10 Pro X InEars para monitoreo m\u00fasica monitores<\/title>\n<meta name=\"description\" content=\"Aud\u00edfonos KZ ZS10 Pro X In-Ears HiFi para monitoreo, m\u00fasica, aud\u00edfonos monitores, para audi\u00f3filos profesionales, DJ, al\u00e1mbricos, m\u00fasicos, artistas, inears\" \/>\n<meta name=\"robots\" content=\"index, follow, max-snippet:-1, max-image-preview:large, max-video-preview:-1\" \/>\n<link rel=\"canonical\" href=\"https:\/\/megaplaza.com\/tienda\/product\/audifonos-in-ear-kz-zs10-pro-x-hifi-para-monitoreo-musica-audifonos-monitores-audifonos-para-audiofilos\/\" \/>\n<meta property=\"og:locale\" content=\"es_MX\" \/>\n<meta property=\"og:type\" content=\"article\" \/>\n<meta property=\"og:title\" content=\"Aud\u00edfonos In-Ear KZ ZS10 Pro X HiFi para monitoreo, m\u00fasica, aud\u00edfonos monitores, aud\u00edfonos para audi\u00f3filos\" \/>\n<meta property=\"og:description\" content=\"Aud\u00edfonos KZ ZS10 Pro X In-Ears HiFi para monitoreo, m\u00fasica, aud\u00edfonos monitores, para audi\u00f3filos profesionales, DJ, al\u00e1mbricos, m\u00fasicos, artistas, inears\" \/>\n<meta property=\"og:url\" content=\"https:\/\/megaplaza.com\/tienda\/product\/audifonos-in-ear-kz-zs10-pro-x-hifi-para-monitoreo-musica-audifonos-monitores-audifonos-para-audiofilos\/\" \/>\n<meta property=\"og:site_name\" content=\"Mega Plaza - Audio Gadgets MX\" \/>\n<meta property=\"article:publisher\" content=\"https:\/\/facebook.com\/MegaPlazaMX\" \/>\n<meta property=\"article:modified_time\" content=\"2025-08-26T14:18:53+00:00\" \/>\n<meta property=\"og:image\" content=\"https:\/\/megaplaza.com\/tienda\/wp-content\/uploads\/2025\/07\/solo_mic.jpg\" \/>\n\t<meta property=\"og:image:width\" content=\"1500\" \/>\n\t<meta property=\"og:image:height\" content=\"1465\" \/>\n\t<meta property=\"og:image:type\" content=\"image\/jpeg\" \/>\n<meta name=\"twitter:card\" content=\"summary_large_image\" \/>\n<meta name=\"twitter:label1\" content=\"Disponibilidad\" \/>\n\t<meta name=\"twitter:data1\" content=\"Disponible\" \/>\n<script type=\"application\/ld+json\" class=\"yoast-schema-graph\">{\"@context\":\"https:\/\/schema.org\",\"@graph\":[{\"@type\":\"WebPage\",\"@id\":\"https:\/\/megaplaza.com\/tienda\/product\/audifonos-in-ear-kz-zs10-pro-x-hifi-para-monitoreo-musica-audifonos-monitores-audifonos-para-audiofilos\/\",\"url\":\"https:\/\/megaplaza.com\/tienda\/product\/audifonos-in-ear-kz-zs10-pro-x-hifi-para-monitoreo-musica-audifonos-monitores-audifonos-para-audiofilos\/\",\"name\":\"Aud\u00edfonos KZ ZS10 Pro X InEars para monitoreo m\u00fasica monitores\",\"isPartOf\":{\"@id\":\"https:\/\/megaplaza.com\/tienda\/#website\"},\"primaryImageOfPage\":{\"@id\":\"https:\/\/megaplaza.com\/tienda\/product\/audifonos-in-ear-kz-zs10-pro-x-hifi-para-monitoreo-musica-audifonos-monitores-audifonos-para-audiofilos\/#primaryimage\"},\"image\":{\"@id\":\"https:\/\/megaplaza.com\/tienda\/product\/audifonos-in-ear-kz-zs10-pro-x-hifi-para-monitoreo-musica-audifonos-monitores-audifonos-para-audiofilos\/#primaryimage\"},\"thumbnailUrl\":\"https:\/\/megaplaza.com\/tienda\/wp-content\/uploads\/2025\/07\/solo_mic.jpg\",\"datePublished\":\"2025-07-07T00:58:48+00:00\",\"dateModified\":\"2025-08-26T14:18:53+00:00\",\"description\":\"Aud\u00edfonos KZ ZS10 Pro X In-Ears HiFi para monitoreo, m\u00fasica, aud\u00edfonos monitores, para audi\u00f3filos profesionales, DJ, al\u00e1mbricos, m\u00fasicos, artistas, inears\",\"breadcrumb\":{\"@id\":\"https:\/\/megaplaza.com\/tienda\/product\/audifonos-in-ear-kz-zs10-pro-x-hifi-para-monitoreo-musica-audifonos-monitores-audifonos-para-audiofilos\/#breadcrumb\"},\"inLanguage\":\"es\",\"potentialAction\":[{\"@type\":\"ReadAction\",\"target\":[\"https:\/\/megaplaza.com\/tienda\/product\/audifonos-in-ear-kz-zs10-pro-x-hifi-para-monitoreo-musica-audifonos-monitores-audifonos-para-audiofilos\/\"]}]},{\"@type\":\"ImageObject\",\"inLanguage\":\"es\",\"@id\":\"https:\/\/megaplaza.com\/tienda\/product\/audifonos-in-ear-kz-zs10-pro-x-hifi-para-monitoreo-musica-audifonos-monitores-audifonos-para-audiofilos\/#primaryimage\",\"url\":\"https:\/\/megaplaza.com\/tienda\/wp-content\/uploads\/2025\/07\/solo_mic.jpg\",\"contentUrl\":\"https:\/\/megaplaza.com\/tienda\/wp-content\/uploads\/2025\/07\/solo_mic.jpg\",\"width\":1500,\"height\":1465,\"caption\":\"Aud\u00edfonos KZ ZS10 Pro X monitores para audi\u00f3filos, monitoreo\"},{\"@type\":\"BreadcrumbList\",\"@id\":\"https:\/\/megaplaza.com\/tienda\/product\/audifonos-in-ear-kz-zs10-pro-x-hifi-para-monitoreo-musica-audifonos-monitores-audifonos-para-audiofilos\/#breadcrumb\",\"itemListElement\":[{\"@type\":\"ListItem\",\"position\":1,\"name\":\"Inicio\",\"item\":\"https:\/\/megaplaza.com\/tienda\/\"},{\"@type\":\"ListItem\",\"position\":2,\"name\":\"Tienda Aud\u00edfonos KZ monitores: Audio Gadgets MX\",\"item\":\"https:\/\/megaplaza.com\/tienda\/tienda-audifonos-kz-monitores\/\"},{\"@type\":\"ListItem\",\"position\":3,\"name\":\"Aud\u00edfonos In-Ear KZ ZS10 Pro X HiFi para monitoreo, m\u00fasica, aud\u00edfonos monitores, aud\u00edfonos para audi\u00f3filos\"}]},{\"@type\":\"WebSite\",\"@id\":\"https:\/\/megaplaza.com\/tienda\/#website\",\"url\":\"https:\/\/megaplaza.com\/tienda\/\",\"name\":\"Audio Gadgets MX\",\"description\":\"Aud\u00edfonos y Gadgets de Audio\",\"publisher\":{\"@id\":\"https:\/\/megaplaza.com\/tienda\/#organization\"},\"potentialAction\":[{\"@type\":\"SearchAction\",\"target\":{\"@type\":\"EntryPoint\",\"urlTemplate\":\"https:\/\/megaplaza.com\/tienda\/?s={search_term_string}\"},\"query-input\":{\"@type\":\"PropertyValueSpecification\",\"valueRequired\":true,\"valueName\":\"search_term_string\"}}],\"inLanguage\":\"es\"},{\"@type\":\"Organization\",\"@id\":\"https:\/\/megaplaza.com\/tienda\/#organization\",\"name\":\"Mega Plaza - Audio Gadgets MX\",\"url\":\"https:\/\/megaplaza.com\/tienda\/\",\"logo\":{\"@type\":\"ImageObject\",\"inLanguage\":\"es\",\"@id\":\"https:\/\/megaplaza.com\/tienda\/#\/schema\/logo\/image\/\",\"url\":\"https:\/\/megaplaza.com\/tienda\/wp-content\/uploads\/2025\/04\/cropped-logo.png\",\"contentUrl\":\"https:\/\/megaplaza.com\/tienda\/wp-content\/uploads\/2025\/04\/cropped-logo.png\",\"width\":555,\"height\":145,\"caption\":\"Mega Plaza - Audio Gadgets MX\"},\"image\":{\"@id\":\"https:\/\/megaplaza.com\/tienda\/#\/schema\/logo\/image\/\"},\"sameAs\":[\"https:\/\/facebook.com\/MegaPlazaMX\"]}]}<\/script>\n<meta property=\"og:availability\" content=\"instock\" \/>\n<meta property=\"product:availability\" content=\"instock\" \/>\n<meta property=\"product:retailer_item_id\" content=\"KZZS10ProX\" \/>\n<meta property=\"product:condition\" content=\"new\" \/>\n<!-- \/ Yoast SEO Premium plugin. -->","yoast_head_json":{"title":"Aud\u00edfonos KZ ZS10 Pro X InEars para monitoreo m\u00fasica monitores","description":"Aud\u00edfonos KZ ZS10 Pro X In-Ears HiFi para monitoreo, m\u00fasica, aud\u00edfonos monitores, para audi\u00f3filos profesionales, DJ, al\u00e1mbricos, m\u00fasicos, artistas, inears","robots":{"index":"index","follow":"follow","max-snippet":"max-snippet:-1","max-image-preview":"max-image-preview:large","max-video-preview":"max-video-preview:-1"},"canonical":"https:\/\/megaplaza.com\/tienda\/product\/audifonos-in-ear-kz-zs10-pro-x-hifi-para-monitoreo-musica-audifonos-monitores-audifonos-para-audiofilos\/","og_locale":"es_MX","og_type":"article","og_title":"Aud\u00edfonos In-Ear KZ ZS10 Pro X HiFi para monitoreo, m\u00fasica, aud\u00edfonos monitores, aud\u00edfonos para audi\u00f3filos","og_description":"Aud\u00edfonos KZ ZS10 Pro X In-Ears HiFi para monitoreo, m\u00fasica, aud\u00edfonos monitores, para audi\u00f3filos profesionales, DJ, al\u00e1mbricos, m\u00fasicos, artistas, inears","og_url":"https:\/\/megaplaza.com\/tienda\/product\/audifonos-in-ear-kz-zs10-pro-x-hifi-para-monitoreo-musica-audifonos-monitores-audifonos-para-audiofilos\/","og_site_name":"Mega Plaza - Audio Gadgets MX","article_publisher":"https:\/\/facebook.com\/MegaPlazaMX","article_modified_time":"2025-08-26T14:18:53+00:00","og_image":[{"width":1500,"height":1465,"url":"https:\/\/megaplaza.com\/tienda\/wp-content\/uploads\/2025\/07\/solo_mic.jpg","type":"image\/jpeg"}],"twitter_card":"summary_large_image","twitter_misc":{"Disponibilidad":"Disponible"},"schema":{"@context":"https:\/\/schema.org","@graph":[{"@type":"WebPage","@id":"https:\/\/megaplaza.com\/tienda\/product\/audifonos-in-ear-kz-zs10-pro-x-hifi-para-monitoreo-musica-audifonos-monitores-audifonos-para-audiofilos\/","url":"https:\/\/megaplaza.com\/tienda\/product\/audifonos-in-ear-kz-zs10-pro-x-hifi-para-monitoreo-musica-audifonos-monitores-audifonos-para-audiofilos\/","name":"Aud\u00edfonos KZ ZS10 Pro X InEars para monitoreo m\u00fasica monitores","isPartOf":{"@id":"https:\/\/megaplaza.com\/tienda\/#website"},"primaryImageOfPage":{"@id":"https:\/\/megaplaza.com\/tienda\/product\/audifonos-in-ear-kz-zs10-pro-x-hifi-para-monitoreo-musica-audifonos-monitores-audifonos-para-audiofilos\/#primaryimage"},"image":{"@id":"https:\/\/megaplaza.com\/tienda\/product\/audifonos-in-ear-kz-zs10-pro-x-hifi-para-monitoreo-musica-audifonos-monitores-audifonos-para-audiofilos\/#primaryimage"},"thumbnailUrl":"https:\/\/megaplaza.com\/tienda\/wp-content\/uploads\/2025\/07\/solo_mic.jpg","datePublished":"2025-07-07T00:58:48+00:00","dateModified":"2025-08-26T14:18:53+00:00","description":"Aud\u00edfonos KZ ZS10 Pro X In-Ears HiFi para monitoreo, m\u00fasica, aud\u00edfonos monitores, para audi\u00f3filos profesionales, DJ, al\u00e1mbricos, m\u00fasicos, artistas, inears","breadcrumb":{"@id":"https:\/\/megaplaza.com\/tienda\/product\/audifonos-in-ear-kz-zs10-pro-x-hifi-para-monitoreo-musica-audifonos-monitores-audifonos-para-audiofilos\/#breadcrumb"},"inLanguage":"es","potentialAction":[{"@type":"ReadAction","target":["https:\/\/megaplaza.com\/tienda\/product\/audifonos-in-ear-kz-zs10-pro-x-hifi-para-monitoreo-musica-audifonos-monitores-audifonos-para-audiofilos\/"]}]},{"@type":"ImageObject","inLanguage":"es","@id":"https:\/\/megaplaza.com\/tienda\/product\/audifonos-in-ear-kz-zs10-pro-x-hifi-para-monitoreo-musica-audifonos-monitores-audifonos-para-audiofilos\/#primaryimage","url":"https:\/\/megaplaza.com\/tienda\/wp-content\/uploads\/2025\/07\/solo_mic.jpg","contentUrl":"https:\/\/megaplaza.com\/tienda\/wp-content\/uploads\/2025\/07\/solo_mic.jpg","width":1500,"height":1465,"caption":"Aud\u00edfonos KZ ZS10 Pro X monitores para audi\u00f3filos, monitoreo"},{"@type":"BreadcrumbList","@id":"https:\/\/megaplaza.com\/tienda\/product\/audifonos-in-ear-kz-zs10-pro-x-hifi-para-monitoreo-musica-audifonos-monitores-audifonos-para-audiofilos\/#breadcrumb","itemListElement":[{"@type":"ListItem","position":1,"name":"Inicio","item":"https:\/\/megaplaza.com\/tienda\/"},{"@type":"ListItem","position":2,"name":"Tienda Aud\u00edfonos KZ monitores: Audio Gadgets MX","item":"https:\/\/megaplaza.com\/tienda\/tienda-audifonos-kz-monitores\/"},{"@type":"ListItem","position":3,"name":"Aud\u00edfonos In-Ear KZ ZS10 Pro X HiFi para monitoreo, m\u00fasica, aud\u00edfonos monitores, aud\u00edfonos para audi\u00f3filos"}]},{"@type":"WebSite","@id":"https:\/\/megaplaza.com\/tienda\/#website","url":"https:\/\/megaplaza.com\/tienda\/","name":"Audio Gadgets MX","description":"Aud\u00edfonos y Gadgets de Audio","publisher":{"@id":"https:\/\/megaplaza.com\/tienda\/#organization"},"potentialAction":[{"@type":"SearchAction","target":{"@type":"EntryPoint","urlTemplate":"https:\/\/megaplaza.com\/tienda\/?s={search_term_string}"},"query-input":{"@type":"PropertyValueSpecification","valueRequired":true,"valueName":"search_term_string"}}],"inLanguage":"es"},{"@type":"Organization","@id":"https:\/\/megaplaza.com\/tienda\/#organization","name":"Mega Plaza - Audio Gadgets MX","url":"https:\/\/megaplaza.com\/tienda\/","logo":{"@type":"ImageObject","inLanguage":"es","@id":"https:\/\/megaplaza.com\/tienda\/#\/schema\/logo\/image\/","url":"https:\/\/megaplaza.com\/tienda\/wp-content\/uploads\/2025\/04\/cropped-logo.png","contentUrl":"https:\/\/megaplaza.com\/tienda\/wp-content\/uploads\/2025\/04\/cropped-logo.png","width":555,"height":145,"caption":"Mega Plaza - Audio Gadgets MX"},"image":{"@id":"https:\/\/megaplaza.com\/tienda\/#\/schema\/logo\/image\/"},"sameAs":["https:\/\/facebook.com\/MegaPlazaMX"]}]},"og_availability":"instock","product_availability":"instock","product_retailer_item_id":"KZZS10ProX","product_condition":"new"},"_links":{"self":[{"href":"https:\/\/megaplaza.com\/tienda\/wp-json\/wp\/v2\/product\/875","targetHints":{"allow":["GET"]}}],"collection":[{"href":"https:\/\/megaplaza.com\/tienda\/wp-json\/wp\/v2\/product"}],"about":[{"href":"https:\/\/megaplaza.com\/tienda\/wp-json\/wp\/v2\/types\/product"}],"replies":[{"embeddable":true,"href":"https:\/\/megaplaza.com\/tienda\/wp-json\/wp\/v2\/comments?post=875"}],"version-history":[{"count":5,"href":"https:\/\/megaplaza.com\/tienda\/wp-json\/wp\/v2\/product\/875\/revisions"}],"predecessor-version":[{"id":933,"href":"https:\/\/megaplaza.com\/tienda\/wp-json\/wp\/v2\/product\/875\/revisions\/933"}],"wp:featuredmedia":[{"embeddable":true,"href":"https:\/\/megaplaza.com\/tienda\/wp-json\/wp\/v2\/media\/877"}],"wp:attachment":[{"href":"https:\/\/megaplaza.com\/tienda\/wp-json\/wp\/v2\/media?parent=875"}],"wp:term":[{"taxonomy":"product_brand","embeddable":true,"href":"https:\/\/megaplaza.com\/tienda\/wp-json\/wp\/v2\/product_brand?post=875"},{"taxonomy":"product_cat","embeddable":true,"href":"https:\/\/megaplaza.com\/tienda\/wp-json\/wp\/v2\/product_cat?post=875"},{"taxonomy":"product_tag","embeddable":true,"href":"https:\/\/megaplaza.com\/tienda\/wp-json\/wp\/v2\/product_tag?post=875"}],"curies":[{"name":"wp","href":"https:\/\/api.w.org\/{rel}","templated":true}]}}