{"id":789,"date":"2025-04-21T02:47:26","date_gmt":"2025-04-21T02:47:26","guid":{"rendered":"https:\/\/megaplaza.com\/tienda\/?post_type=product&#038;p=789"},"modified":"2025-08-26T14:39:17","modified_gmt":"2025-08-26T14:39:17","slug":"audifonos-bluetooth-lenovo-lp40-pro","status":"publish","type":"product","link":"https:\/\/megaplaza.com\/tienda\/product\/audifonos-bluetooth-lenovo-lp40-pro\/","title":{"rendered":"Aud\u00edfonos Bluetooth Lenovo LP40 Pro inal\u00e1mbricos In-Ear Bluetooth"},"content":{"rendered":"<p>AUD\u00cdFONOS INAL\u00c1MBRICOS BLUETOOTH 5.1 RESISTENTES AL SUDOR Y AGUA IPX5<\/p>\n<p><strong>CARACTER\u00cdSTICAS:<\/strong><\/p>\n<p>Marca: Lenovo ThinkPlus<br \/>\nModelo: LP40 Pro<br \/>\nTipo de producto: auriculares bluetooth inal\u00e1mbricos<br \/>\nVersi\u00f3n de Bluetooth: 5,1<br \/>\nTama\u00f1o del altavoz de vibraci\u00f3n: 13 mm<br \/>\nDistancia de transmisi\u00f3n: 10M<br \/>\nRango de frecuencia: 20Hz-20KHz<br \/>\nSensibilidad del altavoz: -109dBt3dB<br \/>\nInterfaz de carga: Tipo C<br \/>\nCapacidad de la bater\u00eda de los auriculares: 30 mAh.<br \/>\nCapacidad de la bater\u00eda del compartimiento de carga: 250 mAh<br \/>\nCantidad de cargas e la caja: 4<br \/>\nTiempo de uso: alrededor de 3-4 horas (auriculares)<br \/>\nTiempo de carga: aproximadamente 1.5 horas (auriculares)<br \/>\nEntrada nominal: 5V=30mA<br \/>\nCapacidad de la bater\u00eda: 250 mAh<br \/>\nTiempo de carga total de los aud\u00edfonos con la carga de la cajita: alrededor de 15 horas<br \/>\nEntrada nominal: 5V=300mA<\/p>\n<p><strong>CARACTER\u00cdSTICAS DETACADAS:<\/strong><\/p>\n<ul>\n<li>Nuevo modelo LP40 Upgraded actualizado.<\/li>\n<li>Chip Bluetooth 5.1 actualizado, conexi\u00f3n m\u00e1s estable con menor latencia, compatible con dispositivos bluetooth.<\/li>\n<li>El estuche de carga de 300 mAh puede cargar por completo 2 auriculares alrededor de 5 veces, ofrece m\u00e1s 24 horas de tiempo de m\u00fasica.<\/li>\n<li>Admite decodificaci\u00f3n de audio ACC\/SBC HD.<\/li>\n<li>Unidad de bobina m\u00f3vil grande de doble frecuencia de 5.10 mm, diafragma doble compuesto, resoluci\u00f3n de alta frecuencia.<\/li>\n<li>True TWS, independientemente de los o\u00eddos primarios y secundarios, ambos o\u00eddos cambian libremente, se pueden usar solos.<\/li>\n<li>El enlace es instant\u00e1neo, emparejamiento autom\u00e1tico despu\u00e9s del primer emparejamiento.<\/li>\n<li>Duraci\u00f3n de la bater\u00eda s\u00faper larga, 3-4 horas para un solo uso, el contenedor de carga se puede usar 4 veces.<\/li>\n<li>Interfaz tipo c, carga r\u00e1pida, dise\u00f1o de succi\u00f3n magn\u00e9tica del contenedor de carga.<\/li>\n<\/ul>\n<p><strong>LO QUE INCLUYE LA CAJA:<\/strong><\/p>\n<p>2 * auriculares Bluetooth<br \/>\n1 * estuche de carga<br \/>\n1 cable USB.<br \/>\n1 manual de usuario.<br \/>\n3 * puntas para auriculares (tama\u00f1o S, M, L)<\/p>\n<p><strong>\u00bfPORQU\u00c9 COMPRAR EN MEGAPLAZA?<\/strong><\/p>\n<p>&#8211; Somos una empresa legalmente constituida y con m\u00e1s de 20 a\u00f1os de experiencia en la venta de tecnolog\u00eda y gadgets tecnol\u00f3gicos.<br \/>\n&#8211; Somos Mercado L\u00edder Platino, el m\u00e1s alto nivel para vendedores en Mercado Libre.<br \/>\n&#8211; Contamos con m\u00e1s de 30,000 ventas realizadas y somos referente calidad y garant\u00eda.<br \/>\n&#8211; Facturamos tus compras.<br \/>\n&#8211; Damos soporte t\u00e9cnico postventa para cualquier duda que tengas al respecto de tu compra.<\/p>\n","protected":false},"excerpt":{"rendered":"<p>AUD\u00cdFONOS INAL\u00c1MBRICOS BLUETOOTH 5.1 RESISTENTES AL SUDOR Y AGUA IPX5 CARACTER\u00cdSTICAS: Marca: Lenovo ThinkPlus Modelo: LP40 Pro Tipo de producto: auriculares bluetooth inal\u00e1mbricos Versi\u00f3n de Bluetooth: 5,1 Tama\u00f1o del altavoz de vibraci\u00f3n: 13 mm Distancia de transmisi\u00f3n: 10M Rango de frecuencia: 20Hz-20KHz Sensibilidad del altavoz: -109dBt3dB Interfaz de carga: Tipo C Capacidad de la bater\u00eda&#8230;<\/p>\n","protected":false},"featured_media":795,"comment_status":"open","ping_status":"closed","template":"","meta":{"_bst_post_transparent":"default","_bst_post_title":"","_bst_post_layout":"default","_bst_post_sidebar_id":"","_bst_post_content_style":"default","_bst_post_vertical_padding":"default","_bst_post_feature":"","_bst_post_feature_position":"","_bst_post_header":false,"_bst_post_footer":false},"product_brand":[115],"product_cat":[50,121],"product_tag":[119,144,120,143,117,118],"class_list":{"0":"post-789","1":"product","2":"type-product","3":"status-publish","4":"has-post-thumbnail","6":"product_brand-lenovo","7":"product_cat-audifonos","8":"product_cat-audifonos-bluetooth","9":"product_tag-audifonos-bluetooth","10":"product_tag-audifonos-in-ear-bluetooth","11":"product_tag-audifonos-inalambricos","12":"product_tag-audifonos-lenovo-lp40-pro","13":"product_tag-lenovo-lp40-pro","14":"product_tag-lp40-pro","15":"pa_color-negro","16":"pa_color-rosa","17":"pa_color-violeta","19":"first","20":"instock","21":"sale","22":"taxable","23":"shipping-taxable","24":"purchasable","25":"product-type-variable","26":"has-default-attributes","27":"wvs-archive-product-wrapper","28":"entry","29":"content-bg","30":"loop-entry"},"yoast_head":"<!-- This site is optimized with the Yoast SEO Premium plugin v25.4 (Yoast SEO v25.8) - https:\/\/yoast.com\/wordpress\/plugins\/seo\/ -->\n<title>Aud\u00edfonos Bluetooth Lenovo LP40 Pro inal\u00e1mbricos In-Ear<\/title>\n<meta name=\"description\" content=\"Aud\u00edfonos Lenovo LP40Pro Bluetooth Inal\u00e1mbricos In-Ear, para escuchar m\u00fasica mientras corres, haces deporte o bien mientras est\u00e1s en el gimnasio\" \/>\n<meta name=\"robots\" content=\"index, follow, max-snippet:-1, max-image-preview:large, max-video-preview:-1\" \/>\n<link rel=\"canonical\" href=\"https:\/\/megaplaza.com\/tienda\/product\/audifonos-bluetooth-lenovo-lp40-pro\/\" \/>\n<meta property=\"og:locale\" content=\"es_MX\" \/>\n<meta property=\"og:type\" content=\"article\" \/>\n<meta property=\"og:title\" content=\"Aud\u00edfonos Bluetooth Lenovo LP40 Pro inal\u00e1mbricos In-Ear Bluetooth\" \/>\n<meta property=\"og:description\" content=\"Aud\u00edfonos Lenovo LP40Pro Bluetooth Inal\u00e1mbricos In-Ear, para escuchar m\u00fasica mientras corres, haces deporte o bien mientras est\u00e1s en el gimnasio\" \/>\n<meta property=\"og:url\" content=\"https:\/\/megaplaza.com\/tienda\/product\/audifonos-bluetooth-lenovo-lp40-pro\/\" \/>\n<meta property=\"og:site_name\" content=\"Mega Plaza - Audio Gadgets MX\" \/>\n<meta property=\"article:publisher\" content=\"https:\/\/facebook.com\/MegaPlazaMX\" \/>\n<meta property=\"article:modified_time\" content=\"2025-08-26T14:39:17+00:00\" \/>\n<meta property=\"og:image\" content=\"https:\/\/megaplaza.com\/tienda\/wp-content\/uploads\/2025\/04\/LP40_Pro_morado.jpg\" \/>\n\t<meta property=\"og:image:width\" content=\"1200\" \/>\n\t<meta property=\"og:image:height\" content=\"1200\" \/>\n\t<meta property=\"og:image:type\" content=\"image\/jpeg\" \/>\n<meta name=\"twitter:card\" content=\"summary_large_image\" \/>\n<meta name=\"twitter:label1\" content=\"Disponibilidad\" \/>\n\t<meta name=\"twitter:data1\" content=\"Disponible\" \/>\n<script type=\"application\/ld+json\" class=\"yoast-schema-graph\">{\"@context\":\"https:\/\/schema.org\",\"@graph\":[{\"@type\":\"WebPage\",\"@id\":\"https:\/\/megaplaza.com\/tienda\/product\/audifonos-bluetooth-lenovo-lp40-pro\/\",\"url\":\"https:\/\/megaplaza.com\/tienda\/product\/audifonos-bluetooth-lenovo-lp40-pro\/\",\"name\":\"Aud\u00edfonos Bluetooth Lenovo LP40 Pro inal\u00e1mbricos In-Ear\",\"isPartOf\":{\"@id\":\"https:\/\/megaplaza.com\/tienda\/#website\"},\"primaryImageOfPage\":{\"@id\":\"https:\/\/megaplaza.com\/tienda\/product\/audifonos-bluetooth-lenovo-lp40-pro\/#primaryimage\"},\"image\":{\"@id\":\"https:\/\/megaplaza.com\/tienda\/product\/audifonos-bluetooth-lenovo-lp40-pro\/#primaryimage\"},\"thumbnailUrl\":\"https:\/\/megaplaza.com\/tienda\/wp-content\/uploads\/2025\/04\/LP40_Pro_morado.jpg\",\"datePublished\":\"2025-04-21T02:47:26+00:00\",\"dateModified\":\"2025-08-26T14:39:17+00:00\",\"description\":\"Aud\u00edfonos Lenovo LP40Pro Bluetooth Inal\u00e1mbricos In-Ear, para escuchar m\u00fasica mientras corres, haces deporte o bien mientras est\u00e1s en el gimnasio\",\"breadcrumb\":{\"@id\":\"https:\/\/megaplaza.com\/tienda\/product\/audifonos-bluetooth-lenovo-lp40-pro\/#breadcrumb\"},\"inLanguage\":\"es\",\"potentialAction\":[{\"@type\":\"ReadAction\",\"target\":[\"https:\/\/megaplaza.com\/tienda\/product\/audifonos-bluetooth-lenovo-lp40-pro\/\"]}]},{\"@type\":\"ImageObject\",\"inLanguage\":\"es\",\"@id\":\"https:\/\/megaplaza.com\/tienda\/product\/audifonos-bluetooth-lenovo-lp40-pro\/#primaryimage\",\"url\":\"https:\/\/megaplaza.com\/tienda\/wp-content\/uploads\/2025\/04\/LP40_Pro_morado.jpg\",\"contentUrl\":\"https:\/\/megaplaza.com\/tienda\/wp-content\/uploads\/2025\/04\/LP40_Pro_morado.jpg\",\"width\":1200,\"height\":1200},{\"@type\":\"BreadcrumbList\",\"@id\":\"https:\/\/megaplaza.com\/tienda\/product\/audifonos-bluetooth-lenovo-lp40-pro\/#breadcrumb\",\"itemListElement\":[{\"@type\":\"ListItem\",\"position\":1,\"name\":\"Inicio\",\"item\":\"https:\/\/megaplaza.com\/tienda\/\"},{\"@type\":\"ListItem\",\"position\":2,\"name\":\"Tienda Aud\u00edfonos KZ monitores: Audio Gadgets MX\",\"item\":\"https:\/\/megaplaza.com\/tienda\/tienda-audifonos-kz-monitores\/\"},{\"@type\":\"ListItem\",\"position\":3,\"name\":\"Aud\u00edfonos Bluetooth Lenovo LP40 Pro inal\u00e1mbricos In-Ear Bluetooth\"}]},{\"@type\":\"WebSite\",\"@id\":\"https:\/\/megaplaza.com\/tienda\/#website\",\"url\":\"https:\/\/megaplaza.com\/tienda\/\",\"name\":\"Audio Gadgets MX\",\"description\":\"Aud\u00edfonos y Gadgets de Audio\",\"publisher\":{\"@id\":\"https:\/\/megaplaza.com\/tienda\/#organization\"},\"potentialAction\":[{\"@type\":\"SearchAction\",\"target\":{\"@type\":\"EntryPoint\",\"urlTemplate\":\"https:\/\/megaplaza.com\/tienda\/?s={search_term_string}\"},\"query-input\":{\"@type\":\"PropertyValueSpecification\",\"valueRequired\":true,\"valueName\":\"search_term_string\"}}],\"inLanguage\":\"es\"},{\"@type\":\"Organization\",\"@id\":\"https:\/\/megaplaza.com\/tienda\/#organization\",\"name\":\"Mega Plaza - Audio Gadgets MX\",\"url\":\"https:\/\/megaplaza.com\/tienda\/\",\"logo\":{\"@type\":\"ImageObject\",\"inLanguage\":\"es\",\"@id\":\"https:\/\/megaplaza.com\/tienda\/#\/schema\/logo\/image\/\",\"url\":\"https:\/\/megaplaza.com\/tienda\/wp-content\/uploads\/2025\/04\/cropped-logo.png\",\"contentUrl\":\"https:\/\/megaplaza.com\/tienda\/wp-content\/uploads\/2025\/04\/cropped-logo.png\",\"width\":555,\"height\":145,\"caption\":\"Mega Plaza - Audio Gadgets MX\"},\"image\":{\"@id\":\"https:\/\/megaplaza.com\/tienda\/#\/schema\/logo\/image\/\"},\"sameAs\":[\"https:\/\/facebook.com\/MegaPlazaMX\"]}]}<\/script>\n<meta property=\"og:availability\" content=\"instock\" \/>\n<meta property=\"product:availability\" content=\"instock\" \/>\n<meta property=\"product:retailer_item_id\" content=\"LenovoLP40Pro\" \/>\n<meta property=\"product:condition\" content=\"new\" \/>\n<!-- \/ Yoast SEO Premium plugin. -->","yoast_head_json":{"title":"Aud\u00edfonos Bluetooth Lenovo LP40 Pro inal\u00e1mbricos In-Ear","description":"Aud\u00edfonos Lenovo LP40Pro Bluetooth Inal\u00e1mbricos In-Ear, para escuchar m\u00fasica mientras corres, haces deporte o bien mientras est\u00e1s en el gimnasio","robots":{"index":"index","follow":"follow","max-snippet":"max-snippet:-1","max-image-preview":"max-image-preview:large","max-video-preview":"max-video-preview:-1"},"canonical":"https:\/\/megaplaza.com\/tienda\/product\/audifonos-bluetooth-lenovo-lp40-pro\/","og_locale":"es_MX","og_type":"article","og_title":"Aud\u00edfonos Bluetooth Lenovo LP40 Pro inal\u00e1mbricos In-Ear Bluetooth","og_description":"Aud\u00edfonos Lenovo LP40Pro Bluetooth Inal\u00e1mbricos In-Ear, para escuchar m\u00fasica mientras corres, haces deporte o bien mientras est\u00e1s en el gimnasio","og_url":"https:\/\/megaplaza.com\/tienda\/product\/audifonos-bluetooth-lenovo-lp40-pro\/","og_site_name":"Mega Plaza - Audio Gadgets MX","article_publisher":"https:\/\/facebook.com\/MegaPlazaMX","article_modified_time":"2025-08-26T14:39:17+00:00","og_image":[{"width":1200,"height":1200,"url":"https:\/\/megaplaza.com\/tienda\/wp-content\/uploads\/2025\/04\/LP40_Pro_morado.jpg","type":"image\/jpeg"}],"twitter_card":"summary_large_image","twitter_misc":{"Disponibilidad":"Disponible"},"schema":{"@context":"https:\/\/schema.org","@graph":[{"@type":"WebPage","@id":"https:\/\/megaplaza.com\/tienda\/product\/audifonos-bluetooth-lenovo-lp40-pro\/","url":"https:\/\/megaplaza.com\/tienda\/product\/audifonos-bluetooth-lenovo-lp40-pro\/","name":"Aud\u00edfonos Bluetooth Lenovo LP40 Pro inal\u00e1mbricos In-Ear","isPartOf":{"@id":"https:\/\/megaplaza.com\/tienda\/#website"},"primaryImageOfPage":{"@id":"https:\/\/megaplaza.com\/tienda\/product\/audifonos-bluetooth-lenovo-lp40-pro\/#primaryimage"},"image":{"@id":"https:\/\/megaplaza.com\/tienda\/product\/audifonos-bluetooth-lenovo-lp40-pro\/#primaryimage"},"thumbnailUrl":"https:\/\/megaplaza.com\/tienda\/wp-content\/uploads\/2025\/04\/LP40_Pro_morado.jpg","datePublished":"2025-04-21T02:47:26+00:00","dateModified":"2025-08-26T14:39:17+00:00","description":"Aud\u00edfonos Lenovo LP40Pro Bluetooth Inal\u00e1mbricos In-Ear, para escuchar m\u00fasica mientras corres, haces deporte o bien mientras est\u00e1s en el gimnasio","breadcrumb":{"@id":"https:\/\/megaplaza.com\/tienda\/product\/audifonos-bluetooth-lenovo-lp40-pro\/#breadcrumb"},"inLanguage":"es","potentialAction":[{"@type":"ReadAction","target":["https:\/\/megaplaza.com\/tienda\/product\/audifonos-bluetooth-lenovo-lp40-pro\/"]}]},{"@type":"ImageObject","inLanguage":"es","@id":"https:\/\/megaplaza.com\/tienda\/product\/audifonos-bluetooth-lenovo-lp40-pro\/#primaryimage","url":"https:\/\/megaplaza.com\/tienda\/wp-content\/uploads\/2025\/04\/LP40_Pro_morado.jpg","contentUrl":"https:\/\/megaplaza.com\/tienda\/wp-content\/uploads\/2025\/04\/LP40_Pro_morado.jpg","width":1200,"height":1200},{"@type":"BreadcrumbList","@id":"https:\/\/megaplaza.com\/tienda\/product\/audifonos-bluetooth-lenovo-lp40-pro\/#breadcrumb","itemListElement":[{"@type":"ListItem","position":1,"name":"Inicio","item":"https:\/\/megaplaza.com\/tienda\/"},{"@type":"ListItem","position":2,"name":"Tienda Aud\u00edfonos KZ monitores: Audio Gadgets MX","item":"https:\/\/megaplaza.com\/tienda\/tienda-audifonos-kz-monitores\/"},{"@type":"ListItem","position":3,"name":"Aud\u00edfonos Bluetooth Lenovo LP40 Pro inal\u00e1mbricos In-Ear Bluetooth"}]},{"@type":"WebSite","@id":"https:\/\/megaplaza.com\/tienda\/#website","url":"https:\/\/megaplaza.com\/tienda\/","name":"Audio Gadgets MX","description":"Aud\u00edfonos y Gadgets de Audio","publisher":{"@id":"https:\/\/megaplaza.com\/tienda\/#organization"},"potentialAction":[{"@type":"SearchAction","target":{"@type":"EntryPoint","urlTemplate":"https:\/\/megaplaza.com\/tienda\/?s={search_term_string}"},"query-input":{"@type":"PropertyValueSpecification","valueRequired":true,"valueName":"search_term_string"}}],"inLanguage":"es"},{"@type":"Organization","@id":"https:\/\/megaplaza.com\/tienda\/#organization","name":"Mega Plaza - Audio Gadgets MX","url":"https:\/\/megaplaza.com\/tienda\/","logo":{"@type":"ImageObject","inLanguage":"es","@id":"https:\/\/megaplaza.com\/tienda\/#\/schema\/logo\/image\/","url":"https:\/\/megaplaza.com\/tienda\/wp-content\/uploads\/2025\/04\/cropped-logo.png","contentUrl":"https:\/\/megaplaza.com\/tienda\/wp-content\/uploads\/2025\/04\/cropped-logo.png","width":555,"height":145,"caption":"Mega Plaza - Audio Gadgets MX"},"image":{"@id":"https:\/\/megaplaza.com\/tienda\/#\/schema\/logo\/image\/"},"sameAs":["https:\/\/facebook.com\/MegaPlazaMX"]}]},"og_availability":"instock","product_availability":"instock","product_retailer_item_id":"LenovoLP40Pro","product_condition":"new"},"_links":{"self":[{"href":"https:\/\/megaplaza.com\/tienda\/wp-json\/wp\/v2\/product\/789","targetHints":{"allow":["GET"]}}],"collection":[{"href":"https:\/\/megaplaza.com\/tienda\/wp-json\/wp\/v2\/product"}],"about":[{"href":"https:\/\/megaplaza.com\/tienda\/wp-json\/wp\/v2\/types\/product"}],"replies":[{"embeddable":true,"href":"https:\/\/megaplaza.com\/tienda\/wp-json\/wp\/v2\/comments?post=789"}],"version-history":[{"count":2,"href":"https:\/\/megaplaza.com\/tienda\/wp-json\/wp\/v2\/product\/789\/revisions"}],"predecessor-version":[{"id":988,"href":"https:\/\/megaplaza.com\/tienda\/wp-json\/wp\/v2\/product\/789\/revisions\/988"}],"wp:featuredmedia":[{"embeddable":true,"href":"https:\/\/megaplaza.com\/tienda\/wp-json\/wp\/v2\/media\/795"}],"wp:attachment":[{"href":"https:\/\/megaplaza.com\/tienda\/wp-json\/wp\/v2\/media?parent=789"}],"wp:term":[{"taxonomy":"product_brand","embeddable":true,"href":"https:\/\/megaplaza.com\/tienda\/wp-json\/wp\/v2\/product_brand?post=789"},{"taxonomy":"product_cat","embeddable":true,"href":"https:\/\/megaplaza.com\/tienda\/wp-json\/wp\/v2\/product_cat?post=789"},{"taxonomy":"product_tag","embeddable":true,"href":"https:\/\/megaplaza.com\/tienda\/wp-json\/wp\/v2\/product_tag?post=789"}],"curies":[{"name":"wp","href":"https:\/\/api.w.org\/{rel}","templated":true}]}}