{"id":299,"date":"2024-10-09T00:00:00","date_gmt":"2023-10-09T04:55:26","guid":{"rendered":"https:\/\/wordpressthemes.live\/WCG5\/WCM116_kartpul\/electronics\/?post_type=product&#038;p=299"},"modified":"2025-08-26T14:14:33","modified_gmt":"2025-08-26T14:14:33","slug":"audifonos-kz-edx-pro-inear-kz-monitores-monitoreo","status":"publish","type":"product","link":"https:\/\/megaplaza.com\/tienda\/product\/audifonos-kz-edx-pro-inear-kz-monitores-monitoreo\/","title":{"rendered":"Aud\u00edfonos KZ EDX Pro In-Ear para m\u00fasicos. monitoreo, aud\u00edfonos monitores, aud\u00edfonos para audi\u00f3filos"},"content":{"rendered":"<p><img fetchpriority=\"high\" decoding=\"async\" class=\"aligncenter wp-image-757 size-full\" src=\"https:\/\/megaplaza.com\/tienda\/wp-content\/uploads\/2024\/10\/prod_KZ_EDX-Pro.jpg\" alt=\"\" width=\"840\" height=\"550\" srcset=\"https:\/\/megaplaza.com\/tienda\/wp-content\/uploads\/2024\/10\/prod_KZ_EDX-Pro.jpg 840w, https:\/\/megaplaza.com\/tienda\/wp-content\/uploads\/2024\/10\/prod_KZ_EDX-Pro-300x196.jpg 300w, https:\/\/megaplaza.com\/tienda\/wp-content\/uploads\/2024\/10\/prod_KZ_EDX-Pro-768x503.jpg 768w\" sizes=\"(max-width: 840px) 100vw, 840px\" \/><\/p>\n<p>Aud\u00edfonos KZ EDX Pro monitores, In-Ear IEMs para monitoreo HiFi.<\/p>\n<p>Estos aud\u00edfonos a pesar de tener un precio muy accesible tienen una calidad excelente, porque contienen un controlador din\u00e1mico que da una excelente fidelidad de sonido.<\/p>\n<h5><strong>CARACTER\u00cdSTICAS PRINCIPALES:<\/strong><\/h5>\n<ul>\n<li>Una gran calidad de sonido, ofreciendo una gran riqueza en detalles, ideales para monitoreo o escuchar m\u00fasica.<\/li>\n<li>Una gran resistencia y durabilidad gracias a su cuerpo en resina y metal.<\/li>\n<li>Cuentan con cancelaci\u00f3n de ruido pasiva, ideal para monitoreo en vivo.<\/li>\n<li>Tiene un cable intercambiable y reemplazable, no tendr\u00e1s que desechar tus aud\u00edfonos una vez que el cable deje de funcionar, lo puedes reemplazar por otro (nosotros lo vendemos).<\/li>\n<li>Son c\u00f3modos e ideales para hacer deporte.<\/li>\n<li>Los puedes convertir en Bluetooth, (con un m\u00f3dulo Bluetooth KZ que nosotros tambi\u00e9n vendemos como accesorio adicional) con ello tienes lo mejor de ambos mundos al\u00e1mbricos e inal\u00e1mbricos.<\/li>\n<li>Son compatibles con todos los celulares y puedes usarlo con o sin un DAC.<\/li>\n<li>Son ideales para escuchar o ver contenido multimedia en la m\u00e1s alta calidad o para un uso profesional.<\/li>\n<\/ul>\n<table class=\"bordered\" style=\"height: 487px;\" width=\"434\">\n<tbody>\n<tr>\n<th style=\"text-align: left;\" colspan=\"2\">\n<h5>ESPECIFICACIONES<\/h5>\n<\/th>\n<\/tr>\n<tr>\n<td style=\"width: 150px;\"><strong>Marca<\/strong><\/td>\n<td>KZ<\/td>\n<\/tr>\n<tr>\n<td style=\"width: 150px;\"><strong>Modelo<\/strong><\/td>\n<td>EDX Pro<\/td>\n<\/tr>\n<tr>\n<td style=\"width: 150px;\"><strong>Tipo de auricular<\/strong><\/td>\n<td>In-ear<\/td>\n<\/tr>\n<tr>\n<td style=\"width: 150px;\"><strong>Impedancia<\/strong><\/td>\n<td>24 ohms<\/td>\n<\/tr>\n<tr>\n<td style=\"width: 150px;\"><strong>Sensibilidad del auricular<\/strong><\/td>\n<td>112dB\/mW<\/td>\n<\/tr>\n<tr>\n<td style=\"width: 150px;\"><strong>Rango de frecuencia<\/strong><\/td>\n<td>10-20000Hz<\/td>\n<\/tr>\n<tr>\n<td style=\"width: 150px;\"><strong>Tipo de conecci\u00f3n<\/strong><\/td>\n<td>Jack 3.5 mm<\/td>\n<\/tr>\n<tr>\n<td style=\"width: 150px;\"><strong>Longitud del cable<\/strong><\/td>\n<td>1.25 \u00b1 0.05 metros<\/td>\n<\/tr>\n<tr>\n<th style=\"text-align: left;\" colspan=\"2\">\n<h5>DIMENSIONES CAJA<\/h5>\n<\/th>\n<\/tr>\n<tr>\n<td style=\"width: 150px;\"><strong>Alto<\/strong><\/td>\n<td>7.0 cm<\/td>\n<\/tr>\n<tr>\n<td style=\"width: 150px;\"><strong>Largo<\/strong><\/td>\n<td>6.7 cm<\/td>\n<\/tr>\n<tr>\n<td style=\"width: 150px;\"><strong>Ancho<\/strong><\/td>\n<td>3.4 cm<\/td>\n<\/tr>\n<tr>\n<td style=\"width: 150px;\"><strong>Peso<\/strong><\/td>\n<td>50 g<\/td>\n<\/tr>\n<\/tbody>\n<\/table>\n<p>&nbsp;<\/p>\n<h5><strong>LO QUE VIENE INCLUIDO EN EL PAQUETE:<\/strong><\/h5>\n<p>1 x Par de aud\u00edfonos KZ EDX Pro en su caja original sellada<br \/>\n1 x Cable con micr\u00f3fono<br \/>\n3 x Pares de ear tips o puntas de silic\u00f3n suave de diferentes medidas.<br \/>\n1 x Manual<\/p>\n<h4>&#8212;&#8212;&#8212;&#8212;&#8212;&#8212;&#8212;&#8212;&#8212;&#8212;&#8212;&#8212;&#8212;&#8212;&#8212;&#8212;&#8212;&#8212;&#8212;<br \/>\n<strong>\u00bfPORQU\u00c9 COMPRAR EN MEGAPLAZA?<\/strong><\/h4>\n<p>&#8211; Somos una empresa legalmente constituida y con m\u00e1s de 20 a\u00f1os de experiencia en la venta de tecnolog\u00eda y gadgets tecnol\u00f3gicos.<br \/>\n&#8211; Somos Mercado L\u00edder Platino, el m\u00e1s alto nivel para vendedores en Mercado Libre.<br \/>\n&#8211; Contamos con m\u00e1s de 30,000 ventas realizadas y somos referente calidad y garant\u00eda.<br \/>\n&#8211; Facturamos tus compras.<br \/>\n&#8211; Damos soporte t\u00e9cnico postventa para cualquier duda que tengas al respecto de tu compra.<\/p>\n","protected":false},"excerpt":{"rendered":"<p>Uno de los mejores aud\u00edfonos para m\u00fasica y monitoreo por su calidad\/precio. Una actualizaci\u00f3n al exitos modelo de KZ EDX Pro.<\/p>\n","protected":false},"featured_media":759,"comment_status":"open","ping_status":"closed","template":"","meta":{"_bst_post_transparent":"default","_bst_post_title":"","_bst_post_layout":"default","_bst_post_sidebar_id":"","_bst_post_content_style":"default","_bst_post_vertical_padding":"default","_bst_post_feature":"","_bst_post_feature_position":"","_bst_post_header":false,"_bst_post_footer":false},"product_brand":[103],"product_cat":[50,102],"product_tag":[104,105,108,141,142,106],"class_list":{"0":"post-299","1":"product","2":"type-product","3":"status-publish","4":"has-post-thumbnail","6":"product_brand-kz","7":"product_cat-audifonos","8":"product_cat-audifonos-inear-in-ear","9":"product_tag-audifonos","10":"product_tag-audifonos-in-ear","11":"product_tag-audifonos-manitoreo","12":"product_tag-edx-pro","13":"product_tag-kz-edx-pro","14":"product_tag-monitores","15":"pa_color-cian","16":"pa_color-negro","17":"pa_color-transparente","19":"first","20":"instock","21":"sale","22":"featured","23":"purchasable","24":"product-type-variable","25":"has-default-attributes","26":"wvs-archive-product-wrapper","27":"entry","28":"content-bg","29":"loop-entry"},"yoast_head":"<!-- This site is optimized with the Yoast SEO Premium plugin v25.4 (Yoast SEO v25.8) - https:\/\/yoast.com\/wordpress\/plugins\/seo\/ -->\n<title>Aud\u00edfonos KZ EDX Pro In-Ears IEMs monotores para monitoreo Hifi<\/title>\n<meta name=\"description\" content=\"Aud\u00edfonos KZ EDX Pro In-Ear IEMs para monitoreo, monitores, Hifi para m\u00fasica y audi\u00f3filos, aud\u00edfonos al\u00e1mbricos para DJs, ejercicio.\" \/>\n<meta name=\"robots\" content=\"index, follow, max-snippet:-1, max-image-preview:large, max-video-preview:-1, noarchive\" \/>\n<link rel=\"canonical\" href=\"https:\/\/megaplaza.com\/tienda\/product\/audifonos-kz-edx-pro-inear-kz-monitores-monitoreo\/\" \/>\n<meta property=\"og:locale\" content=\"es_MX\" \/>\n<meta property=\"og:type\" content=\"article\" \/>\n<meta property=\"og:title\" content=\"Aud\u00edfonos KZ EDX Pro In-Ear para m\u00fasicos. monitoreo, aud\u00edfonos monitores, aud\u00edfonos para audi\u00f3filos\" \/>\n<meta property=\"og:description\" content=\"Aud\u00edfonos KZ EDX Pro In-Ear IEMs para monitoreo, monitores, Hifi para m\u00fasica y audi\u00f3filos, aud\u00edfonos al\u00e1mbricos para DJs, ejercicio.\" \/>\n<meta property=\"og:url\" content=\"https:\/\/megaplaza.com\/tienda\/product\/audifonos-kz-edx-pro-inear-kz-monitores-monitoreo\/\" \/>\n<meta property=\"og:site_name\" content=\"Mega Plaza - Audio Gadgets MX\" \/>\n<meta property=\"article:publisher\" content=\"https:\/\/facebook.com\/MegaPlazaMX\" \/>\n<meta property=\"article:modified_time\" content=\"2025-08-26T14:14:33+00:00\" \/>\n<meta property=\"og:image\" content=\"https:\/\/megaplaza.com\/tienda\/wp-content\/uploads\/2024\/10\/Negros_con_microfono.jpg\" \/>\n\t<meta property=\"og:image:width\" content=\"1000\" \/>\n\t<meta property=\"og:image:height\" content=\"1000\" \/>\n\t<meta property=\"og:image:type\" content=\"image\/jpeg\" \/>\n<meta name=\"twitter:card\" content=\"summary_large_image\" \/>\n<meta name=\"twitter:label1\" content=\"Disponibilidad\" \/>\n\t<meta name=\"twitter:data1\" content=\"Disponible\" \/>\n<script type=\"application\/ld+json\" class=\"yoast-schema-graph\">{\"@context\":\"https:\/\/schema.org\",\"@graph\":[{\"@type\":\"WebPage\",\"@id\":\"https:\/\/megaplaza.com\/tienda\/product\/audifonos-kz-edx-pro-inear-kz-monitores-monitoreo\/\",\"url\":\"https:\/\/megaplaza.com\/tienda\/product\/audifonos-kz-edx-pro-inear-kz-monitores-monitoreo\/\",\"name\":\"Aud\u00edfonos KZ EDX Pro In-Ears IEMs monotores para monitoreo Hifi\",\"isPartOf\":{\"@id\":\"https:\/\/megaplaza.com\/tienda\/#website\"},\"primaryImageOfPage\":{\"@id\":\"https:\/\/megaplaza.com\/tienda\/product\/audifonos-kz-edx-pro-inear-kz-monitores-monitoreo\/#primaryimage\"},\"image\":{\"@id\":\"https:\/\/megaplaza.com\/tienda\/product\/audifonos-kz-edx-pro-inear-kz-monitores-monitoreo\/#primaryimage\"},\"thumbnailUrl\":\"https:\/\/megaplaza.com\/tienda\/wp-content\/uploads\/2024\/10\/Negros_con_microfono.jpg\",\"datePublished\":\"2023-10-09T04:55:26+00:00\",\"dateModified\":\"2025-08-26T14:14:33+00:00\",\"description\":\"Aud\u00edfonos KZ EDX Pro In-Ear IEMs para monitoreo, monitores, Hifi para m\u00fasica y audi\u00f3filos, aud\u00edfonos al\u00e1mbricos para DJs, ejercicio.\",\"breadcrumb\":{\"@id\":\"https:\/\/megaplaza.com\/tienda\/product\/audifonos-kz-edx-pro-inear-kz-monitores-monitoreo\/#breadcrumb\"},\"inLanguage\":\"es\",\"potentialAction\":[{\"@type\":\"ReadAction\",\"target\":[\"https:\/\/megaplaza.com\/tienda\/product\/audifonos-kz-edx-pro-inear-kz-monitores-monitoreo\/\"]}]},{\"@type\":\"ImageObject\",\"inLanguage\":\"es\",\"@id\":\"https:\/\/megaplaza.com\/tienda\/product\/audifonos-kz-edx-pro-inear-kz-monitores-monitoreo\/#primaryimage\",\"url\":\"https:\/\/megaplaza.com\/tienda\/wp-content\/uploads\/2024\/10\/Negros_con_microfono.jpg\",\"contentUrl\":\"https:\/\/megaplaza.com\/tienda\/wp-content\/uploads\/2024\/10\/Negros_con_microfono.jpg\",\"width\":1000,\"height\":1000},{\"@type\":\"BreadcrumbList\",\"@id\":\"https:\/\/megaplaza.com\/tienda\/product\/audifonos-kz-edx-pro-inear-kz-monitores-monitoreo\/#breadcrumb\",\"itemListElement\":[{\"@type\":\"ListItem\",\"position\":1,\"name\":\"Inicio\",\"item\":\"https:\/\/megaplaza.com\/tienda\/\"},{\"@type\":\"ListItem\",\"position\":2,\"name\":\"Tienda Aud\u00edfonos KZ monitores: Audio Gadgets MX\",\"item\":\"https:\/\/megaplaza.com\/tienda\/tienda-audifonos-kz-monitores\/\"},{\"@type\":\"ListItem\",\"position\":3,\"name\":\"audifonos KZ EDX Pro\"}]},{\"@type\":\"WebSite\",\"@id\":\"https:\/\/megaplaza.com\/tienda\/#website\",\"url\":\"https:\/\/megaplaza.com\/tienda\/\",\"name\":\"Audio Gadgets MX\",\"description\":\"Aud\u00edfonos y Gadgets de Audio\",\"publisher\":{\"@id\":\"https:\/\/megaplaza.com\/tienda\/#organization\"},\"potentialAction\":[{\"@type\":\"SearchAction\",\"target\":{\"@type\":\"EntryPoint\",\"urlTemplate\":\"https:\/\/megaplaza.com\/tienda\/?s={search_term_string}\"},\"query-input\":{\"@type\":\"PropertyValueSpecification\",\"valueRequired\":true,\"valueName\":\"search_term_string\"}}],\"inLanguage\":\"es\"},{\"@type\":\"Organization\",\"@id\":\"https:\/\/megaplaza.com\/tienda\/#organization\",\"name\":\"Mega Plaza - Audio Gadgets MX\",\"url\":\"https:\/\/megaplaza.com\/tienda\/\",\"logo\":{\"@type\":\"ImageObject\",\"inLanguage\":\"es\",\"@id\":\"https:\/\/megaplaza.com\/tienda\/#\/schema\/logo\/image\/\",\"url\":\"https:\/\/megaplaza.com\/tienda\/wp-content\/uploads\/2025\/04\/cropped-logo.png\",\"contentUrl\":\"https:\/\/megaplaza.com\/tienda\/wp-content\/uploads\/2025\/04\/cropped-logo.png\",\"width\":555,\"height\":145,\"caption\":\"Mega Plaza - Audio Gadgets MX\"},\"image\":{\"@id\":\"https:\/\/megaplaza.com\/tienda\/#\/schema\/logo\/image\/\"},\"sameAs\":[\"https:\/\/facebook.com\/MegaPlazaMX\"]}]}<\/script>\n<meta property=\"og:availability\" content=\"instock\" \/>\n<meta property=\"product:availability\" content=\"instock\" \/>\n<meta property=\"product:retailer_item_id\" content=\"EDXPRO001\" \/>\n<meta property=\"product:condition\" content=\"new\" \/>\n<!-- \/ Yoast SEO Premium plugin. -->","yoast_head_json":{"title":"Aud\u00edfonos KZ EDX Pro In-Ears IEMs monotores para monitoreo Hifi","description":"Aud\u00edfonos KZ EDX Pro In-Ear IEMs para monitoreo, monitores, Hifi para m\u00fasica y audi\u00f3filos, aud\u00edfonos al\u00e1mbricos para DJs, ejercicio.","robots":{"index":"index","follow":"follow","max-snippet":"max-snippet:-1","max-image-preview":"max-image-preview:large","max-video-preview":"max-video-preview:-1","archive":"noarchive"},"canonical":"https:\/\/megaplaza.com\/tienda\/product\/audifonos-kz-edx-pro-inear-kz-monitores-monitoreo\/","og_locale":"es_MX","og_type":"article","og_title":"Aud\u00edfonos KZ EDX Pro In-Ear para m\u00fasicos. monitoreo, aud\u00edfonos monitores, aud\u00edfonos para audi\u00f3filos","og_description":"Aud\u00edfonos KZ EDX Pro In-Ear IEMs para monitoreo, monitores, Hifi para m\u00fasica y audi\u00f3filos, aud\u00edfonos al\u00e1mbricos para DJs, ejercicio.","og_url":"https:\/\/megaplaza.com\/tienda\/product\/audifonos-kz-edx-pro-inear-kz-monitores-monitoreo\/","og_site_name":"Mega Plaza - Audio Gadgets MX","article_publisher":"https:\/\/facebook.com\/MegaPlazaMX","article_modified_time":"2025-08-26T14:14:33+00:00","og_image":[{"width":1000,"height":1000,"url":"https:\/\/megaplaza.com\/tienda\/wp-content\/uploads\/2024\/10\/Negros_con_microfono.jpg","type":"image\/jpeg"}],"twitter_card":"summary_large_image","twitter_misc":{"Disponibilidad":"Disponible"},"schema":{"@context":"https:\/\/schema.org","@graph":[{"@type":"WebPage","@id":"https:\/\/megaplaza.com\/tienda\/product\/audifonos-kz-edx-pro-inear-kz-monitores-monitoreo\/","url":"https:\/\/megaplaza.com\/tienda\/product\/audifonos-kz-edx-pro-inear-kz-monitores-monitoreo\/","name":"Aud\u00edfonos KZ EDX Pro In-Ears IEMs monotores para monitoreo Hifi","isPartOf":{"@id":"https:\/\/megaplaza.com\/tienda\/#website"},"primaryImageOfPage":{"@id":"https:\/\/megaplaza.com\/tienda\/product\/audifonos-kz-edx-pro-inear-kz-monitores-monitoreo\/#primaryimage"},"image":{"@id":"https:\/\/megaplaza.com\/tienda\/product\/audifonos-kz-edx-pro-inear-kz-monitores-monitoreo\/#primaryimage"},"thumbnailUrl":"https:\/\/megaplaza.com\/tienda\/wp-content\/uploads\/2024\/10\/Negros_con_microfono.jpg","datePublished":"2023-10-09T04:55:26+00:00","dateModified":"2025-08-26T14:14:33+00:00","description":"Aud\u00edfonos KZ EDX Pro In-Ear IEMs para monitoreo, monitores, Hifi para m\u00fasica y audi\u00f3filos, aud\u00edfonos al\u00e1mbricos para DJs, ejercicio.","breadcrumb":{"@id":"https:\/\/megaplaza.com\/tienda\/product\/audifonos-kz-edx-pro-inear-kz-monitores-monitoreo\/#breadcrumb"},"inLanguage":"es","potentialAction":[{"@type":"ReadAction","target":["https:\/\/megaplaza.com\/tienda\/product\/audifonos-kz-edx-pro-inear-kz-monitores-monitoreo\/"]}]},{"@type":"ImageObject","inLanguage":"es","@id":"https:\/\/megaplaza.com\/tienda\/product\/audifonos-kz-edx-pro-inear-kz-monitores-monitoreo\/#primaryimage","url":"https:\/\/megaplaza.com\/tienda\/wp-content\/uploads\/2024\/10\/Negros_con_microfono.jpg","contentUrl":"https:\/\/megaplaza.com\/tienda\/wp-content\/uploads\/2024\/10\/Negros_con_microfono.jpg","width":1000,"height":1000},{"@type":"BreadcrumbList","@id":"https:\/\/megaplaza.com\/tienda\/product\/audifonos-kz-edx-pro-inear-kz-monitores-monitoreo\/#breadcrumb","itemListElement":[{"@type":"ListItem","position":1,"name":"Inicio","item":"https:\/\/megaplaza.com\/tienda\/"},{"@type":"ListItem","position":2,"name":"Tienda Aud\u00edfonos KZ monitores: Audio Gadgets MX","item":"https:\/\/megaplaza.com\/tienda\/tienda-audifonos-kz-monitores\/"},{"@type":"ListItem","position":3,"name":"audifonos KZ EDX Pro"}]},{"@type":"WebSite","@id":"https:\/\/megaplaza.com\/tienda\/#website","url":"https:\/\/megaplaza.com\/tienda\/","name":"Audio Gadgets MX","description":"Aud\u00edfonos y Gadgets de Audio","publisher":{"@id":"https:\/\/megaplaza.com\/tienda\/#organization"},"potentialAction":[{"@type":"SearchAction","target":{"@type":"EntryPoint","urlTemplate":"https:\/\/megaplaza.com\/tienda\/?s={search_term_string}"},"query-input":{"@type":"PropertyValueSpecification","valueRequired":true,"valueName":"search_term_string"}}],"inLanguage":"es"},{"@type":"Organization","@id":"https:\/\/megaplaza.com\/tienda\/#organization","name":"Mega Plaza - Audio Gadgets MX","url":"https:\/\/megaplaza.com\/tienda\/","logo":{"@type":"ImageObject","inLanguage":"es","@id":"https:\/\/megaplaza.com\/tienda\/#\/schema\/logo\/image\/","url":"https:\/\/megaplaza.com\/tienda\/wp-content\/uploads\/2025\/04\/cropped-logo.png","contentUrl":"https:\/\/megaplaza.com\/tienda\/wp-content\/uploads\/2025\/04\/cropped-logo.png","width":555,"height":145,"caption":"Mega Plaza - Audio Gadgets MX"},"image":{"@id":"https:\/\/megaplaza.com\/tienda\/#\/schema\/logo\/image\/"},"sameAs":["https:\/\/facebook.com\/MegaPlazaMX"]}]},"og_availability":"instock","product_availability":"instock","product_retailer_item_id":"EDXPRO001","product_condition":"new"},"_links":{"self":[{"href":"https:\/\/megaplaza.com\/tienda\/wp-json\/wp\/v2\/product\/299","targetHints":{"allow":["GET"]}}],"collection":[{"href":"https:\/\/megaplaza.com\/tienda\/wp-json\/wp\/v2\/product"}],"about":[{"href":"https:\/\/megaplaza.com\/tienda\/wp-json\/wp\/v2\/types\/product"}],"replies":[{"embeddable":true,"href":"https:\/\/megaplaza.com\/tienda\/wp-json\/wp\/v2\/comments?post=299"}],"version-history":[{"count":5,"href":"https:\/\/megaplaza.com\/tienda\/wp-json\/wp\/v2\/product\/299\/revisions"}],"predecessor-version":[{"id":931,"href":"https:\/\/megaplaza.com\/tienda\/wp-json\/wp\/v2\/product\/299\/revisions\/931"}],"wp:featuredmedia":[{"embeddable":true,"href":"https:\/\/megaplaza.com\/tienda\/wp-json\/wp\/v2\/media\/759"}],"wp:attachment":[{"href":"https:\/\/megaplaza.com\/tienda\/wp-json\/wp\/v2\/media?parent=299"}],"wp:term":[{"taxonomy":"product_brand","embeddable":true,"href":"https:\/\/megaplaza.com\/tienda\/wp-json\/wp\/v2\/product_brand?post=299"},{"taxonomy":"product_cat","embeddable":true,"href":"https:\/\/megaplaza.com\/tienda\/wp-json\/wp\/v2\/product_cat?post=299"},{"taxonomy":"product_tag","embeddable":true,"href":"https:\/\/megaplaza.com\/tienda\/wp-json\/wp\/v2\/product_tag?post=299"}],"curies":[{"name":"wp","href":"https:\/\/api.w.org\/{rel}","templated":true}]}}