{"id":1006,"date":"2025-08-26T18:19:56","date_gmt":"2025-08-26T18:19:56","guid":{"rendered":"https:\/\/megaplaza.com\/tienda\/?post_type=product&#038;p=1006"},"modified":"2026-02-05T23:04:41","modified_gmt":"2026-02-05T23:04:41","slug":"modulo-bluetooth-kz-az09-convierte-en-inalambricos-tus-audifonos-kz","status":"publish","type":"product","link":"https:\/\/megaplaza.com\/tienda\/product\/modulo-bluetooth-kz-az09-convierte-en-inalambricos-tus-audifonos-kz\/","title":{"rendered":"M\u00f3dulo Bluetooth KZ AZ09 &#8211; Convierte en inal\u00e1mbricos tus aud\u00edfonos KZ"},"content":{"rendered":"<p>M\u00f3dulo Bluetooth KZ AZ09 con Bluetooth 5.2 de alta calidad para aud\u00edfonos KZ<\/p>\n<h3>Compatibilidad del conector de los aud\u00edfonos<\/h3>\n<p>EL M\u00d3DULO TIPO C ES COMPATIBLE CON LOS MODELOS DE AUD\u00cdFONOS KZ:<\/p>\n<p>ZEX \/ ZEX PRO \/ EDX Pro \/ ZAS \/ ZSX \/ ZSN \/ ZSNPRO \/ ZS10 PRO \/ ZS10 PRO X \/ AS12 \/ AS16 \/ ZSN PRO X \/ ZAX \/ ASX \/ DQ6 \/ DQS \/ D-Fi \/ CASTOR \/EDX ULTRA \/ PR1 \/ PR1 PRO \/ PR2 \/ X HBB PR2 \/ EDS \/ EDA \/ ESX \/ ZES \/ ZVX \/ ZNA<\/p>\n<p>EL M\u00d3DULO TIPO C ES COMPATIBLE CON MODELOS DE LA MARCA CCA:<br \/>\nCCA CRA \/ CRA + \/ CCA HM20 \/ CCA CA12 \/ CCA CSN \/ CCA CA16<\/p>\n<p>EL M\u00d3DULO TIPO B ES COMPATIBLE CON MODELOS DE AUD\u00cdFONOS KZ:<br \/>\nZST \/ ZS10 \/ AS10 \/ BA10 \/ ED12 \/ ZSR \/ ES3 \/ ES4 \/ ZST X \/ EDX \/ AS06<\/p>\n<p>Nota: no incluye aud\u00edfonos, es un m\u00f3dulo Bluetooth de alta fidelidad que convierte a los modelos compatibles de aud\u00edfonos KZ al\u00e1mbricos en aud\u00edfonos bluetooth (inal\u00e1mbricos).<\/p>\n<h5>Compatibilidad<\/h5>\n<p>Deshazte de los grilletes de los auriculares con cable KZ AZ09 se puede conectar a casi todos los dispositivos con funciones Bluetooth. La compatibilidad es fuerte. Ya sea un sistema iOS o Android, es compatible. Nunca m\u00e1s te preocupes por la longitud del cable de los auriculares.<\/p>\n<h5>Peque\u00f1o y ligero<\/h5>\n<p>Experiencia de uso c\u00f3moda<br \/>\nEl M\u00f3dulo Bluetooth pesa solo 4,5 g, es liviano y no tiene presi\u00f3n. El gancho para la oreja est\u00e1 hecho de resina agradable para la piel, que es suave y c\u00f3moda y se ajusta a la aur\u00edcula. El uso prolongado tambi\u00e9n es c\u00f3modo.<\/p>\n<h5>Microprocesador de Bluetooth 5.2<\/h5>\n<p>La conexi\u00f3n es tan estable como por cable.<br \/>\nEn comparaci\u00f3n con la versi\u00f3n 5.0 del chip, el consumo de energ\u00eda de nuestro chip es menor, lo que prolonga la duraci\u00f3n de la bater\u00eda. Se puede conectar y emparejar autom\u00e1ticamente. La calidad del sonido es tan estable como con cable.<\/p>\n<h5>Ligero pero potente<\/h5>\n<p>Duraci\u00f3n continua de la bater\u00eda en el estuche de carga<br \/>\nEl m\u00f3dulo Bluetooth KZ AZ09 se puede usar durante aproximadamente 6 horas en un estado completamente cargado, y el estuche de carga puede durar de 8 a 10 veces.<\/p>\n<h5>Tecnolog\u00eda de transmisi\u00f3n de codificaci\u00f3n de audio avanzada AAC<\/h5>\n<p>La calidad de sonido profesional proviene del chip y la doble protecci\u00f3n de la capacidad de codificaci\u00f3n avanzada AAC. Se adopta la tecnolog\u00eda avanzada de transmisi\u00f3n de codificaci\u00f3n de audio AAC para mejorar la escucha y brindar un sonido natural y claro de manera significativa.<\/p>\n<h4>C\u00f3mo llevarlo correcta y c\u00f3modamente:<\/h4>\n<ol>\n<li>Distinga correctamente la izquierda y la derecha, compruebe el logotipo en los adaptadores, &#8220;L&#8221; se aplica a la oreja izquierda y &#8220;R&#8221; se aplica a la derecha.<\/li>\n<li>Conecte el adaptador Bluetooth a los auriculares, pero presione suavemente el conector de 2 clavijas en las ranuras de los auriculares y luego emp\u00fajelos directamente en sus o\u00eddos.<\/li>\n<li>Coloque el gancho para la oreja en la parte posterior de la oreja y luego g\u00edrelo ligeramente para ajustar el sellado y la comodidad de los auriculares, porque con esto logra obtener una mejor experiencia de audio.<\/li>\n<\/ol>\n<h4>FUNCIONES:<\/h4>\n<p>Reproducir pausar<br \/>\nHaciendo clic en el bot\u00f3n<\/p>\n<p>Canci\u00f3n anterior \/ Canci\u00f3n siguiente<br \/>\nHaga doble clic en la oreja izquierda\/derecha<\/p>\n<p>Iniciar Asistente<br \/>\nPulsaci\u00f3n larga durante 2 segundos<\/p>\n<p>Contestar\/Colgar<br \/>\nInterruptor tactil<br \/>\nPulsaci\u00f3n larga en llamada entrante<\/p>\n<h4>ESPECIFICACIONES:<\/h4>\n<ul>\n<li>Modelo: KZ AZ09<\/li>\n<li>Versi\u00f3n de Bluetooth: 5.2<\/li>\n<li>Rango de alcance del Bluetooth: 12-15 metros (libre de obst\u00e1culos)<\/li>\n<li>Peso: 4.5 gramos.<\/li>\n<li>Peso con el case: 85 gramos<\/li>\n<li>Capacidad de la bater\u00eda: 50 mAh<\/li>\n<li>Capacidad de la caja de carga: 800 mAh<\/li>\n<li>Duraci\u00f3n de la bater\u00eda con 1 carga: 6 horas (volumen medio)<\/li>\n<li>Cantidad de cargas con el case: 5 veces<\/li>\n<li>Modo juego: 40 ms<br \/>\n_____________________________________<\/li>\n<\/ul>\n<h4>\u00bfPORQU\u00c9 COMPRAR EN MEGAPLAZA?<\/h4>\n<ul>\n<li>Somos una empresa legalmente constituida y con m\u00e1s de 25 a\u00f1os de experiencia en la venta de tecnolog\u00eda y gadgets tecnol\u00f3gicos.<\/li>\n<li>Somos Mercado L\u00edder Platino, el m\u00e1s alto nivel para vendedores en Mercado Libre.<\/li>\n<li>Contamos con m\u00e1s de 40,000 ventas realizadas y somos referente calidad y garant\u00eda.<\/li>\n<li>Facturamos tus compras.<\/li>\n<li>Damos soporte t\u00e9cnico postventa para cualquier duda que tengas al respecto de tu compra.<\/li>\n<\/ul>\n","protected":false},"excerpt":{"rendered":"<p>M\u00f3dulo Bluetooth KZ AZ09 con Bluetooth 5.2 de alta calidad para aud\u00edfonos KZ Compatibilidad del conector de los aud\u00edfonos EL M\u00d3DULO TIPO C ES COMPATIBLE CON LOS MODELOS DE AUD\u00cdFONOS KZ: ZEX \/ ZEX PRO \/ EDX Pro \/ ZAS \/ ZSX \/ ZSN \/ ZSNPRO \/ ZS10 PRO \/ ZS10 PRO X \/ AS12&#8230;<\/p>\n","protected":false},"featured_media":1030,"comment_status":"open","ping_status":"closed","template":"","meta":{"_bst_post_transparent":"default","_bst_post_title":"","_bst_post_layout":"default","_bst_post_sidebar_id":"","_bst_post_content_style":"default","_bst_post_vertical_padding":"default","_bst_post_feature":"","_bst_post_feature_position":"","_bst_post_header":false,"_bst_post_footer":false},"product_brand":[],"product_cat":[51,114],"product_tag":[],"class_list":{"0":"post-1006","1":"product","2":"type-product","3":"status-publish","4":"has-post-thumbnail","6":"product_cat-cables-adaptadores-modulos-bluetooth","7":"product_cat-modulo-bluetooth","8":"pa_tipo-conector-tipo-b","9":"pa_tipo-conector-tipo-c","11":"first","12":"instock","13":"sale","14":"shipping-taxable","15":"purchasable","16":"product-type-variable","17":"wvs-archive-product-wrapper","18":"entry","19":"content-bg","20":"loop-entry"},"yoast_head":"<!-- This site is optimized with the Yoast SEO Premium plugin v25.4 (Yoast SEO v25.8) - https:\/\/yoast.com\/wordpress\/plugins\/seo\/ -->\n<title>M\u00f3dulo KZ AZ09 convierte en inal\u00e1mbricos tus aud\u00edfonos KZ<\/title>\n<meta name=\"description\" content=\"Modulo Bluetooth KZ AZ09 - Convierte en inal\u00e1mbricos tus aud\u00edfonos KZ compatible con varios modelos, Bluetooth 5.2 transmite audio con excelente calidad\" \/>\n<meta name=\"robots\" content=\"index, follow, max-snippet:-1, max-image-preview:large, max-video-preview:-1\" \/>\n<link rel=\"canonical\" href=\"https:\/\/megaplaza.com\/tienda\/product\/modulo-bluetooth-kz-az09-convierte-en-inalambricos-tus-audifonos-kz\/\" \/>\n<meta property=\"og:locale\" content=\"es_MX\" \/>\n<meta property=\"og:type\" content=\"article\" \/>\n<meta property=\"og:title\" content=\"M\u00f3dulo Bluetooth KZ AZ09 - Convierte en inal\u00e1mbricos tus aud\u00edfonos KZ\" \/>\n<meta property=\"og:description\" content=\"Modulo Bluetooth KZ AZ09 - Convierte en inal\u00e1mbricos tus aud\u00edfonos KZ compatible con varios modelos, Bluetooth 5.2 transmite audio con excelente calidad\" \/>\n<meta property=\"og:url\" content=\"https:\/\/megaplaza.com\/tienda\/product\/modulo-bluetooth-kz-az09-convierte-en-inalambricos-tus-audifonos-kz\/\" \/>\n<meta property=\"og:site_name\" content=\"Mega Plaza - Audio Gadgets MX\" \/>\n<meta property=\"article:publisher\" content=\"https:\/\/facebook.com\/MegaPlazaMX\" \/>\n<meta property=\"article:modified_time\" content=\"2026-02-05T23:04:41+00:00\" \/>\n<meta property=\"og:image\" content=\"https:\/\/megaplaza.com\/tienda\/wp-content\/uploads\/2025\/08\/Modulo_Bluetooth_KZ_AZ09_0.jpg\" \/>\n\t<meta property=\"og:image:width\" content=\"1200\" \/>\n\t<meta property=\"og:image:height\" content=\"1600\" \/>\n\t<meta property=\"og:image:type\" content=\"image\/jpeg\" \/>\n<meta name=\"twitter:card\" content=\"summary_large_image\" \/>\n<meta name=\"twitter:label1\" content=\"Disponibilidad\" \/>\n\t<meta name=\"twitter:data1\" content=\"Disponible\" \/>\n<script type=\"application\/ld+json\" class=\"yoast-schema-graph\">{\"@context\":\"https:\/\/schema.org\",\"@graph\":[{\"@type\":\"WebPage\",\"@id\":\"https:\/\/megaplaza.com\/tienda\/product\/modulo-bluetooth-kz-az09-convierte-en-inalambricos-tus-audifonos-kz\/\",\"url\":\"https:\/\/megaplaza.com\/tienda\/product\/modulo-bluetooth-kz-az09-convierte-en-inalambricos-tus-audifonos-kz\/\",\"name\":\"M\u00f3dulo KZ AZ09 convierte en inal\u00e1mbricos tus aud\u00edfonos KZ\",\"isPartOf\":{\"@id\":\"https:\/\/megaplaza.com\/tienda\/#website\"},\"primaryImageOfPage\":{\"@id\":\"https:\/\/megaplaza.com\/tienda\/product\/modulo-bluetooth-kz-az09-convierte-en-inalambricos-tus-audifonos-kz\/#primaryimage\"},\"image\":{\"@id\":\"https:\/\/megaplaza.com\/tienda\/product\/modulo-bluetooth-kz-az09-convierte-en-inalambricos-tus-audifonos-kz\/#primaryimage\"},\"thumbnailUrl\":\"https:\/\/megaplaza.com\/tienda\/wp-content\/uploads\/2025\/08\/Modulo_Bluetooth_KZ_AZ09_0.jpg\",\"datePublished\":\"2025-08-26T18:19:56+00:00\",\"dateModified\":\"2026-02-05T23:04:41+00:00\",\"description\":\"Modulo Bluetooth KZ AZ09 - Convierte en inal\u00e1mbricos tus aud\u00edfonos KZ compatible con varios modelos, Bluetooth 5.2 transmite audio con excelente calidad\",\"breadcrumb\":{\"@id\":\"https:\/\/megaplaza.com\/tienda\/product\/modulo-bluetooth-kz-az09-convierte-en-inalambricos-tus-audifonos-kz\/#breadcrumb\"},\"inLanguage\":\"es\",\"potentialAction\":[{\"@type\":\"ReadAction\",\"target\":[\"https:\/\/megaplaza.com\/tienda\/product\/modulo-bluetooth-kz-az09-convierte-en-inalambricos-tus-audifonos-kz\/\"]}]},{\"@type\":\"ImageObject\",\"inLanguage\":\"es\",\"@id\":\"https:\/\/megaplaza.com\/tienda\/product\/modulo-bluetooth-kz-az09-convierte-en-inalambricos-tus-audifonos-kz\/#primaryimage\",\"url\":\"https:\/\/megaplaza.com\/tienda\/wp-content\/uploads\/2025\/08\/Modulo_Bluetooth_KZ_AZ09_0.jpg\",\"contentUrl\":\"https:\/\/megaplaza.com\/tienda\/wp-content\/uploads\/2025\/08\/Modulo_Bluetooth_KZ_AZ09_0.jpg\",\"width\":1200,\"height\":1600,\"caption\":\"M\u00f3dulo Bluetooth KZ Az09 Convierte tus aud\u00edfonos KZ en inal\u00e1mbricos\"},{\"@type\":\"BreadcrumbList\",\"@id\":\"https:\/\/megaplaza.com\/tienda\/product\/modulo-bluetooth-kz-az09-convierte-en-inalambricos-tus-audifonos-kz\/#breadcrumb\",\"itemListElement\":[{\"@type\":\"ListItem\",\"position\":1,\"name\":\"Inicio\",\"item\":\"https:\/\/megaplaza.com\/tienda\/\"},{\"@type\":\"ListItem\",\"position\":2,\"name\":\"Tienda Aud\u00edfonos KZ monitores: Audio Gadgets MX\",\"item\":\"https:\/\/megaplaza.com\/tienda\/tienda-audifonos-kz-monitores\/\"},{\"@type\":\"ListItem\",\"position\":3,\"name\":\"M\u00f3dulo Bluetooth KZ AZ09 &#8211; Convierte en inal\u00e1mbricos tus aud\u00edfonos KZ\"}]},{\"@type\":\"WebSite\",\"@id\":\"https:\/\/megaplaza.com\/tienda\/#website\",\"url\":\"https:\/\/megaplaza.com\/tienda\/\",\"name\":\"Audio Gadgets MX\",\"description\":\"Aud\u00edfonos y Gadgets de Audio\",\"publisher\":{\"@id\":\"https:\/\/megaplaza.com\/tienda\/#organization\"},\"potentialAction\":[{\"@type\":\"SearchAction\",\"target\":{\"@type\":\"EntryPoint\",\"urlTemplate\":\"https:\/\/megaplaza.com\/tienda\/?s={search_term_string}\"},\"query-input\":{\"@type\":\"PropertyValueSpecification\",\"valueRequired\":true,\"valueName\":\"search_term_string\"}}],\"inLanguage\":\"es\"},{\"@type\":\"Organization\",\"@id\":\"https:\/\/megaplaza.com\/tienda\/#organization\",\"name\":\"Mega Plaza - Audio Gadgets MX\",\"url\":\"https:\/\/megaplaza.com\/tienda\/\",\"logo\":{\"@type\":\"ImageObject\",\"inLanguage\":\"es\",\"@id\":\"https:\/\/megaplaza.com\/tienda\/#\/schema\/logo\/image\/\",\"url\":\"https:\/\/megaplaza.com\/tienda\/wp-content\/uploads\/2025\/04\/cropped-logo.png\",\"contentUrl\":\"https:\/\/megaplaza.com\/tienda\/wp-content\/uploads\/2025\/04\/cropped-logo.png\",\"width\":555,\"height\":145,\"caption\":\"Mega Plaza - Audio Gadgets MX\"},\"image\":{\"@id\":\"https:\/\/megaplaza.com\/tienda\/#\/schema\/logo\/image\/\"},\"sameAs\":[\"https:\/\/facebook.com\/MegaPlazaMX\"]}]}<\/script>\n<meta property=\"og:availability\" content=\"instock\" \/>\n<meta property=\"product:availability\" content=\"instock\" \/>\n<meta property=\"product:retailer_item_id\" content=\"KZAZ09\" \/>\n<meta property=\"product:condition\" content=\"new\" \/>\n<!-- \/ Yoast SEO Premium plugin. -->","yoast_head_json":{"title":"M\u00f3dulo KZ AZ09 convierte en inal\u00e1mbricos tus aud\u00edfonos KZ","description":"Modulo Bluetooth KZ AZ09 - Convierte en inal\u00e1mbricos tus aud\u00edfonos KZ compatible con varios modelos, Bluetooth 5.2 transmite audio con excelente calidad","robots":{"index":"index","follow":"follow","max-snippet":"max-snippet:-1","max-image-preview":"max-image-preview:large","max-video-preview":"max-video-preview:-1"},"canonical":"https:\/\/megaplaza.com\/tienda\/product\/modulo-bluetooth-kz-az09-convierte-en-inalambricos-tus-audifonos-kz\/","og_locale":"es_MX","og_type":"article","og_title":"M\u00f3dulo Bluetooth KZ AZ09 - Convierte en inal\u00e1mbricos tus aud\u00edfonos KZ","og_description":"Modulo Bluetooth KZ AZ09 - Convierte en inal\u00e1mbricos tus aud\u00edfonos KZ compatible con varios modelos, Bluetooth 5.2 transmite audio con excelente calidad","og_url":"https:\/\/megaplaza.com\/tienda\/product\/modulo-bluetooth-kz-az09-convierte-en-inalambricos-tus-audifonos-kz\/","og_site_name":"Mega Plaza - Audio Gadgets MX","article_publisher":"https:\/\/facebook.com\/MegaPlazaMX","article_modified_time":"2026-02-05T23:04:41+00:00","og_image":[{"width":1200,"height":1600,"url":"https:\/\/megaplaza.com\/tienda\/wp-content\/uploads\/2025\/08\/Modulo_Bluetooth_KZ_AZ09_0.jpg","type":"image\/jpeg"}],"twitter_card":"summary_large_image","twitter_misc":{"Disponibilidad":"Disponible"},"schema":{"@context":"https:\/\/schema.org","@graph":[{"@type":"WebPage","@id":"https:\/\/megaplaza.com\/tienda\/product\/modulo-bluetooth-kz-az09-convierte-en-inalambricos-tus-audifonos-kz\/","url":"https:\/\/megaplaza.com\/tienda\/product\/modulo-bluetooth-kz-az09-convierte-en-inalambricos-tus-audifonos-kz\/","name":"M\u00f3dulo KZ AZ09 convierte en inal\u00e1mbricos tus aud\u00edfonos KZ","isPartOf":{"@id":"https:\/\/megaplaza.com\/tienda\/#website"},"primaryImageOfPage":{"@id":"https:\/\/megaplaza.com\/tienda\/product\/modulo-bluetooth-kz-az09-convierte-en-inalambricos-tus-audifonos-kz\/#primaryimage"},"image":{"@id":"https:\/\/megaplaza.com\/tienda\/product\/modulo-bluetooth-kz-az09-convierte-en-inalambricos-tus-audifonos-kz\/#primaryimage"},"thumbnailUrl":"https:\/\/megaplaza.com\/tienda\/wp-content\/uploads\/2025\/08\/Modulo_Bluetooth_KZ_AZ09_0.jpg","datePublished":"2025-08-26T18:19:56+00:00","dateModified":"2026-02-05T23:04:41+00:00","description":"Modulo Bluetooth KZ AZ09 - Convierte en inal\u00e1mbricos tus aud\u00edfonos KZ compatible con varios modelos, Bluetooth 5.2 transmite audio con excelente calidad","breadcrumb":{"@id":"https:\/\/megaplaza.com\/tienda\/product\/modulo-bluetooth-kz-az09-convierte-en-inalambricos-tus-audifonos-kz\/#breadcrumb"},"inLanguage":"es","potentialAction":[{"@type":"ReadAction","target":["https:\/\/megaplaza.com\/tienda\/product\/modulo-bluetooth-kz-az09-convierte-en-inalambricos-tus-audifonos-kz\/"]}]},{"@type":"ImageObject","inLanguage":"es","@id":"https:\/\/megaplaza.com\/tienda\/product\/modulo-bluetooth-kz-az09-convierte-en-inalambricos-tus-audifonos-kz\/#primaryimage","url":"https:\/\/megaplaza.com\/tienda\/wp-content\/uploads\/2025\/08\/Modulo_Bluetooth_KZ_AZ09_0.jpg","contentUrl":"https:\/\/megaplaza.com\/tienda\/wp-content\/uploads\/2025\/08\/Modulo_Bluetooth_KZ_AZ09_0.jpg","width":1200,"height":1600,"caption":"M\u00f3dulo Bluetooth KZ Az09 Convierte tus aud\u00edfonos KZ en inal\u00e1mbricos"},{"@type":"BreadcrumbList","@id":"https:\/\/megaplaza.com\/tienda\/product\/modulo-bluetooth-kz-az09-convierte-en-inalambricos-tus-audifonos-kz\/#breadcrumb","itemListElement":[{"@type":"ListItem","position":1,"name":"Inicio","item":"https:\/\/megaplaza.com\/tienda\/"},{"@type":"ListItem","position":2,"name":"Tienda Aud\u00edfonos KZ monitores: Audio Gadgets MX","item":"https:\/\/megaplaza.com\/tienda\/tienda-audifonos-kz-monitores\/"},{"@type":"ListItem","position":3,"name":"M\u00f3dulo Bluetooth KZ AZ09 &#8211; Convierte en inal\u00e1mbricos tus aud\u00edfonos KZ"}]},{"@type":"WebSite","@id":"https:\/\/megaplaza.com\/tienda\/#website","url":"https:\/\/megaplaza.com\/tienda\/","name":"Audio Gadgets MX","description":"Aud\u00edfonos y Gadgets de Audio","publisher":{"@id":"https:\/\/megaplaza.com\/tienda\/#organization"},"potentialAction":[{"@type":"SearchAction","target":{"@type":"EntryPoint","urlTemplate":"https:\/\/megaplaza.com\/tienda\/?s={search_term_string}"},"query-input":{"@type":"PropertyValueSpecification","valueRequired":true,"valueName":"search_term_string"}}],"inLanguage":"es"},{"@type":"Organization","@id":"https:\/\/megaplaza.com\/tienda\/#organization","name":"Mega Plaza - Audio Gadgets MX","url":"https:\/\/megaplaza.com\/tienda\/","logo":{"@type":"ImageObject","inLanguage":"es","@id":"https:\/\/megaplaza.com\/tienda\/#\/schema\/logo\/image\/","url":"https:\/\/megaplaza.com\/tienda\/wp-content\/uploads\/2025\/04\/cropped-logo.png","contentUrl":"https:\/\/megaplaza.com\/tienda\/wp-content\/uploads\/2025\/04\/cropped-logo.png","width":555,"height":145,"caption":"Mega Plaza - Audio Gadgets MX"},"image":{"@id":"https:\/\/megaplaza.com\/tienda\/#\/schema\/logo\/image\/"},"sameAs":["https:\/\/facebook.com\/MegaPlazaMX"]}]},"og_availability":"instock","product_availability":"instock","product_retailer_item_id":"KZAZ09","product_condition":"new"},"_links":{"self":[{"href":"https:\/\/megaplaza.com\/tienda\/wp-json\/wp\/v2\/product\/1006","targetHints":{"allow":["GET"]}}],"collection":[{"href":"https:\/\/megaplaza.com\/tienda\/wp-json\/wp\/v2\/product"}],"about":[{"href":"https:\/\/megaplaza.com\/tienda\/wp-json\/wp\/v2\/types\/product"}],"replies":[{"embeddable":true,"href":"https:\/\/megaplaza.com\/tienda\/wp-json\/wp\/v2\/comments?post=1006"}],"version-history":[{"count":7,"href":"https:\/\/megaplaza.com\/tienda\/wp-json\/wp\/v2\/product\/1006\/revisions"}],"predecessor-version":[{"id":1033,"href":"https:\/\/megaplaza.com\/tienda\/wp-json\/wp\/v2\/product\/1006\/revisions\/1033"}],"wp:featuredmedia":[{"embeddable":true,"href":"https:\/\/megaplaza.com\/tienda\/wp-json\/wp\/v2\/media\/1030"}],"wp:attachment":[{"href":"https:\/\/megaplaza.com\/tienda\/wp-json\/wp\/v2\/media?parent=1006"}],"wp:term":[{"taxonomy":"product_brand","embeddable":true,"href":"https:\/\/megaplaza.com\/tienda\/wp-json\/wp\/v2\/product_brand?post=1006"},{"taxonomy":"product_cat","embeddable":true,"href":"https:\/\/megaplaza.com\/tienda\/wp-json\/wp\/v2\/product_cat?post=1006"},{"taxonomy":"product_tag","embeddable":true,"href":"https:\/\/megaplaza.com\/tienda\/wp-json\/wp\/v2\/product_tag?post=1006"}],"curies":[{"name":"wp","href":"https:\/\/api.w.org\/{rel}","templated":true}]}}